{"id":1949,"date":"2024-12-30T02:44:38","date_gmt":"2024-12-30T02:44:38","guid":{"rendered":"https:\/\/www.retopz.com\/?page_id=1949"},"modified":"2024-12-30T02:55:55","modified_gmt":"2024-12-30T02:55:55","slug":"shipping-arrangement","status":"publish","type":"page","link":"https:\/\/www.retopz.com\/es\/shipping-arrangement\/","title":{"rendered":"Acuerdo de env\u00edo"},"content":{"rendered":"<div data-elementor-type=\"wp-page\" data-elementor-id=\"1949\" class=\"elementor elementor-1949\" data-elementor-post-type=\"page\">\n\t\t\t\t\t\t<section class=\"elementor-section elementor-top-section elementor-element elementor-element-680f360 elementor-section-boxed elementor-section-height-default elementor-section-height-default\" data-id=\"680f360\" data-element_type=\"section\" data-e-type=\"section\" data-settings=\"{&quot;background_background&quot;:&quot;classic&quot;}\">\n\t\t\t\t\t\t<div class=\"elementor-container elementor-column-gap-default\">\n\t\t\t\t\t<div class=\"elementor-column elementor-col-100 elementor-top-column elementor-element elementor-element-27d6ce83\" data-id=\"27d6ce83\" data-element_type=\"column\" data-e-type=\"column\">\n\t\t\t<div class=\"elementor-widget-wrap elementor-element-populated\">\n\t\t\t\t\t\t<div class=\"elementor-element elementor-element-27e6806f elementor-widget elementor-widget-heading\" data-id=\"27e6806f\" data-element_type=\"widget\" data-e-type=\"widget\" data-widget_type=\"heading.default\">\n\t\t\t\t<div class=\"elementor-widget-container\">\n\t\t\t\t\t<h1 class=\"elementor-heading-title elementor-size-default\">Env\u00edo desde China a tu pa\u00eds<\/h1>\t\t\t\t<\/div>\n\t\t\t\t<\/div>\n\t\t\t\t<div class=\"elementor-element elementor-element-bda8b07 elementor-widget elementor-widget-text-editor\" data-id=\"bda8b07\" data-element_type=\"widget\" data-e-type=\"widget\" data-widget_type=\"text-editor.default\">\n\t\t\t\t<div class=\"elementor-widget-container\">\n\t\t\t\t\t\t\t\t\t<p>Retop Carbide brinda un servicio de env\u00edo desde China a clientes extranjeros por mar y aire basado en costos de env\u00edo competitivos; nuestra ventaja es que cuando se complete su producci\u00f3n de carburo de tungsteno, nos conectaremos directamente con nuestra empresa de transporte de carga cooperativa a largo plazo para transportar las mercanc\u00edas a su pa\u00eds, solo necesita esperar a que lleguen sus piezas de desgaste de carburo de tungsteno.<\/p><p>Adem\u00e1s, para algunos pa\u00edses espec\u00edficos, como Nigeria, Filipinas y otros pa\u00edses con un despacho de aduanas m\u00e1s problem\u00e1tico, los transportistas con los que cooperamos tambi\u00e9n pueden proporcionar servicios de despacho de aduanas, incluso si no tiene una licencia de importaci\u00f3n, puede recibir las mercanc\u00edas en su almac\u00e9n sin proporcionar ning\u00fan documento.<\/p><p>Las empresas de transporte de mercanc\u00edas con las que colaboramos son muy fiables, con m\u00e1s de 15 a\u00f1os de experiencia en transporte y oficinas en muchos pa\u00edses.<\/p>\t\t\t\t\t\t\t\t<\/div>\n\t\t\t\t<\/div>\n\t\t\t\t<div class=\"elementor-element elementor-element-3815d1c7 elementor-view-stacked elementor-widget__width-initial elementor-widget-mobile__width-initial elementor-shape-circle elementor-position-block-start elementor-mobile-position-block-start elementor-widget elementor-widget-icon-box\" data-id=\"3815d1c7\" data-element_type=\"widget\" data-e-type=\"widget\" data-widget_type=\"icon-box.default\">\n\t\t\t\t<div class=\"elementor-widget-container\">\n\t\t\t\t\t\t\t<div class=\"elementor-icon-box-wrapper\">\n\n\t\t\t\t\t\t<div class=\"elementor-icon-box-icon\">\n\t\t\t\t<span  class=\"elementor-icon\">\n\t\t\t\t<svg aria-hidden=\"true\" class=\"e-font-icon-svg e-fas-truck-moving\" viewbox=\"0 0 640 512\" xmlns=\"http:\/\/www.w3.org\/2000\/svg\"><path d=\"M621.3 237.3l-58.5-58.5c-12-12-28.3-18.7-45.3-18.7H480V64c0-17.7-14.3-32-32-32H32C14.3 32 0 46.3 0 64v336c0 44.2 35.8 80 80 80 26.3 0 49.4-12.9 64-32.4 14.6 19.6 37.7 32.4 64 32.4 44.2 0 80-35.8 80-80 0-5.5-.6-10.8-1.6-16h163.2c-1.1 5.2-1.6 10.5-1.6 16 0 44.2 35.8 80 80 80s80-35.8 80-80c0-5.5-.6-10.8-1.6-16H624c8.8 0 16-7.2 16-16v-85.5c0-17-6.7-33.2-18.7-45.2zM80 432c-17.6 0-32-14.4-32-32s14.4-32 32-32 32 14.4 32 32-14.4 32-32 32zm128 0c-17.6 0-32-14.4-32-32s14.4-32 32-32 32 14.4 32 32-14.4 32-32 32zm272-224h37.5c4.3 0 8.3 1.7 11.3 4.7l43.3 43.3H480v-48zm48 224c-17.6 0-32-14.4-32-32s14.4-32 32-32 32 14.4 32 32-14.4 32-32 32z\"><\/path><\/svg>\t\t\t\t<\/span>\n\t\t\t<\/div>\n\t\t\t\n\t\t\t\t\t\t<div class=\"elementor-icon-box-content\">\n\n\t\t\t\t\t\t\t\t\t<h3 class=\"elementor-icon-box-title\">\n\t\t\t\t\t\t<span  >\n\t\t\t\t\t\t\tVendedor a domicilio\t\t\t\t\t\t<\/span>\n\t\t\t\t\t<\/h3>\n\t\t\t\t\n\t\t\t\t\t\t\t\t\t<p class=\"elementor-icon-box-description\">\n\t\t\t\t\t\tEste m\u00e9todo de env\u00edo suele estar reservado para pedidos de muestras. Antes de realizar un pedido grande, algunos clientes est\u00e1n felices de recibir las muestras para confirmar la calidad. Este tipo de transporte generalmente lo ofrecen DHL, UPS, FedEx y otros, y el tiempo requerido es similar al del transporte a\u00e9reo.\t\t\t\t\t<\/p>\n\t\t\t\t\n\t\t\t<\/div>\n\t\t\t\n\t\t<\/div>\n\t\t\t\t\t\t<\/div>\n\t\t\t\t<\/div>\n\t\t\t\t<div class=\"elementor-element elementor-element-56747fab elementor-view-stacked elementor-widget__width-initial elementor-widget-mobile__width-initial elementor-shape-circle elementor-position-block-start elementor-mobile-position-block-start elementor-widget elementor-widget-icon-box\" data-id=\"56747fab\" data-element_type=\"widget\" data-e-type=\"widget\" data-widget_type=\"icon-box.default\">\n\t\t\t\t<div class=\"elementor-widget-container\">\n\t\t\t\t\t\t\t<div class=\"elementor-icon-box-wrapper\">\n\n\t\t\t\t\t\t<div class=\"elementor-icon-box-icon\">\n\t\t\t\t<span  class=\"elementor-icon\">\n\t\t\t\t<svg aria-hidden=\"true\" class=\"e-font-icon-svg e-fas-plane-departure\" viewbox=\"0 0 640 512\" xmlns=\"http:\/\/www.w3.org\/2000\/svg\"><path d=\"M624 448H16c-8.84 0-16 7.16-16 16v32c0 8.84 7.16 16 16 16h608c8.84 0 16-7.16 16-16v-32c0-8.84-7.16-16-16-16zM80.55 341.27c6.28 6.84 15.1 10.72 24.33 10.71l130.54-.18a65.62 65.62 0 0 0 29.64-7.12l290.96-147.65c26.74-13.57 50.71-32.94 67.02-58.31 18.31-28.48 20.3-49.09 13.07-63.65-7.21-14.57-24.74-25.27-58.25-27.45-29.85-1.94-59.54 5.92-86.28 19.48l-98.51 49.99-218.7-82.06a17.799 17.799 0 0 0-18-1.11L90.62 67.29c-10.67 5.41-13.25 19.65-5.17 28.53l156.22 98.1-103.21 52.38-72.35-36.47a17.804 17.804 0 0 0-16.07.02L9.91 230.22c-10.44 5.3-13.19 19.12-5.57 28.08l76.21 82.97z\"><\/path><\/svg>\t\t\t\t<\/span>\n\t\t\t<\/div>\n\t\t\t\n\t\t\t\t\t\t<div class=\"elementor-icon-box-content\">\n\n\t\t\t\t\t\t\t\t\t<h3 class=\"elementor-icon-box-title\">\n\t\t\t\t\t\t<span  >\n\t\t\t\t\t\t\tEnv\u00edo a\u00e9reo\t\t\t\t\t\t<\/span>\n\t\t\t\t\t<\/h3>\n\t\t\t\t\n\t\t\t\t\t\t\t\t\t<p class=\"elementor-icon-box-description\">\n\t\t\t\t\t\tEl tiempo de transporte a\u00e9reo es muy r\u00e1pido, demora entre 7 y 10 d\u00edas, pero debe recoger la mercanc\u00eda en el aeropuerto, el precio es m\u00e1s econ\u00f3mico que el servicio puerta a puerta. Por lo tanto, cuando la cantidad sea mayor, le sugerimos utilizar el m\u00e9todo de env\u00edo a\u00e9reo.\t\t\t\t\t<\/p>\n\t\t\t\t\n\t\t\t<\/div>\n\t\t\t\n\t\t<\/div>\n\t\t\t\t\t\t<\/div>\n\t\t\t\t<\/div>\n\t\t\t\t<div class=\"elementor-element elementor-element-31dbd1ac elementor-view-stacked elementor-widget__width-initial elementor-widget-mobile__width-initial elementor-shape-circle elementor-position-block-start elementor-mobile-position-block-start elementor-widget elementor-widget-icon-box\" data-id=\"31dbd1ac\" data-element_type=\"widget\" data-e-type=\"widget\" data-widget_type=\"icon-box.default\">\n\t\t\t\t<div class=\"elementor-widget-container\">\n\t\t\t\t\t\t\t<div class=\"elementor-icon-box-wrapper\">\n\n\t\t\t\t\t\t<div class=\"elementor-icon-box-icon\">\n\t\t\t\t<span  class=\"elementor-icon\">\n\t\t\t\t<svg aria-hidden=\"true\" class=\"e-font-icon-svg e-fas-water\" viewbox=\"0 0 576 512\" xmlns=\"http:\/\/www.w3.org\/2000\/svg\"><path d=\"M562.1 383.9c-21.5-2.4-42.1-10.5-57.9-22.9-14.1-11.1-34.2-11.3-48.2 0-37.9 30.4-107.2 30.4-145.7-1.5-13.5-11.2-33-9.1-46.7 1.8-38 30.1-106.9 30-145.2-1.7-13.5-11.2-33.3-8.9-47.1 2-15.5 12.2-36 20.1-57.7 22.4-7.9.8-13.6 7.8-13.6 15.7v32.2c0 9.1 7.6 16.8 16.7 16 28.8-2.5 56.1-11.4 79.4-25.9 56.5 34.6 137 34.1 192 0 56.5 34.6 137 34.1 192 0 23.3 14.2 50.9 23.3 79.1 25.8 9.1.8 16.7-6.9 16.7-16v-31.6c.1-8-5.7-15.4-13.8-16.3zm0-144c-21.5-2.4-42.1-10.5-57.9-22.9-14.1-11.1-34.2-11.3-48.2 0-37.9 30.4-107.2 30.4-145.7-1.5-13.5-11.2-33-9.1-46.7 1.8-38 30.1-106.9 30-145.2-1.7-13.5-11.2-33.3-8.9-47.1 2-15.5 12.2-36 20.1-57.7 22.4-7.9.8-13.6 7.8-13.6 15.7v32.2c0 9.1 7.6 16.8 16.7 16 28.8-2.5 56.1-11.4 79.4-25.9 56.5 34.6 137 34.1 192 0 56.5 34.6 137 34.1 192 0 23.3 14.2 50.9 23.3 79.1 25.8 9.1.8 16.7-6.9 16.7-16v-31.6c.1-8-5.7-15.4-13.8-16.3zm0-144C540.6 93.4 520 85.4 504.2 73 490.1 61.9 470 61.7 456 73c-37.9 30.4-107.2 30.4-145.7-1.5-13.5-11.2-33-9.1-46.7 1.8-38 30.1-106.9 30-145.2-1.7-13.5-11.2-33.3-8.9-47.1 2-15.5 12.2-36 20.1-57.7 22.4-7.9.8-13.6 7.8-13.6 15.7v32.2c0 9.1 7.6 16.8 16.7 16 28.8-2.5 56.1-11.4 79.4-25.9 56.5 34.6 137 34.1 192 0 56.5 34.6 137 34.1 192 0 23.3 14.2 50.9 23.3 79.1 25.8 9.1.8 16.7-6.9 16.7-16v-31.6c.1-8-5.7-15.4-13.8-16.3z\"><\/path><\/svg>\t\t\t\t<\/span>\n\t\t\t<\/div>\n\t\t\t\n\t\t\t\t\t\t<div class=\"elementor-icon-box-content\">\n\n\t\t\t\t\t\t\t\t\t<h3 class=\"elementor-icon-box-title\">\n\t\t\t\t\t\t<span  >\n\t\t\t\t\t\t\tTransporte mar\u00edtimo\t\t\t\t\t\t<\/span>\n\t\t\t\t\t<\/h3>\n\t\t\t\t\n\t\t\t\t\t\t\t\t\t<p class=\"elementor-icon-box-description\">\n\t\t\t\t\t\tEn el caso del env\u00edo mar\u00edtimo, si la cantidad es grande, el peso es muy elevado y el tiempo no es urgente, lo haremos. El tiempo suele tardar hasta 20 d\u00edas o m\u00e1s, pero el precio es muy barato. Cuando tenga suficiente tiempo y existencias, el env\u00edo mar\u00edtimo ser\u00e1 la mejor opci\u00f3n para usted.\t\t\t\t\t<\/p>\n\t\t\t\t\n\t\t\t<\/div>\n\t\t\t\n\t\t<\/div>\n\t\t\t\t\t\t<\/div>\n\t\t\t\t<\/div>\n\t\t\t\t<div class=\"elementor-element elementor-element-2bf79d68 elementor-widget elementor-widget-text-editor\" data-id=\"2bf79d68\" data-element_type=\"widget\" data-e-type=\"widget\" data-widget_type=\"text-editor.default\">\n\t\t\t\t<div class=\"elementor-widget-container\">\n\t\t\t\t\t\t\t\t\t<p>\u00bfNecesitas que organicemos el env\u00edo? Cons\u00faltanos<\/p>\t\t\t\t\t\t\t\t<\/div>\n\t\t\t\t<\/div>\n\t\t\t\t<div class=\"elementor-element elementor-element-c4667f6 elementor-align-center elementor-widget elementor-widget-button\" data-id=\"c4667f6\" data-element_type=\"widget\" data-e-type=\"widget\" data-widget_type=\"button.default\">\n\t\t\t\t<div class=\"elementor-widget-container\">\n\t\t\t\t\t\t\t\t\t<div class=\"elementor-button-wrapper\">\n\t\t\t\t\t<a class=\"elementor-button elementor-button-link elementor-size-sm\" href=\"#elementor-action%3Aaction%3Dpopup%3Aopen%26settings%3DeyJpZCI6IjEyMzAiLCJ0b2dnbGUiOmZhbHNlfQ%3D%3D\" target=\"_blank\">\n\t\t\t\t\t\t<span class=\"elementor-button-content-wrapper\">\n\t\t\t\t\t\t\t\t\t<span class=\"elementor-button-text\">\u00a1Cont\u00e1ctanos ahora!<\/span>\n\t\t\t\t\t<\/span>\n\t\t\t\t\t<\/a>\n\t\t\t\t<\/div>\n\t\t\t\t\t\t\t\t<\/div>\n\t\t\t\t<\/div>\n\t\t\t\t\t<\/div>\n\t\t<\/div>\n\t\t\t\t\t<\/div>\n\t\t<\/section>\n\t\t\t\t<\/div>","protected":false},"excerpt":{"rendered":"<p>Shipping from China to your country Retop Carbide provide shipping service from China to overseas customers by sea and by air based on competitive shipping cost; our advantage is that when your tungsten carbide production is completed, we will directly connect with our long-term cooperative freight forwarding company to transport the goods to your country, [&hellip;]<\/p>\n","protected":false},"author":1,"featured_media":0,"parent":0,"menu_order":0,"comment_status":"closed","ping_status":"closed","template":"","meta":{"footnotes":""},"class_list":["post-1949","page","type-page","status-publish","hentry"],"yoast_head":"<!-- This site is optimized with the Yoast SEO Premium plugin v25.8 (Yoast SEO v27.5) - https:\/\/yoast.com\/product\/yoast-seo-premium-wordpress\/ -->\n<title>Shipping Arrangement - Retop Carbide<\/title>\n<meta name=\"robots\" content=\"index, follow, max-snippet:-1, max-image-preview:large, max-video-preview:-1\" \/>\n<link rel=\"canonical\" href=\"https:\/\/www.retopz.com\/es\/shipping-arrangement\/\" \/>\n<meta property=\"og:locale\" content=\"es_ES\" \/>\n<meta property=\"og:type\" content=\"article\" \/>\n<meta property=\"og:title\" content=\"Shipping Arrangement\" \/>\n<meta property=\"og:description\" content=\"Shipping from China to your country Retop Carbide provide shipping service from China to overseas customers by sea and by air based on competitive shipping cost; our advantage is that when your tungsten carbide production is completed, we will directly connect with our long-term cooperative freight forwarding company to transport the goods to your country, [&hellip;]\" \/>\n<meta property=\"og:url\" content=\"https:\/\/www.retopz.com\/es\/shipping-arrangement\/\" \/>\n<meta property=\"og:site_name\" content=\"Retop Carbide\" \/>\n<meta property=\"article:modified_time\" content=\"2024-12-30T02:55:55+00:00\" \/>\n<meta name=\"twitter:card\" content=\"summary_large_image\" \/>\n<meta name=\"twitter:label1\" content=\"Tiempo de lectura\" \/>\n\t<meta name=\"twitter:data1\" content=\"1 minuto\" \/>\n<script type=\"application\/ld+json\" class=\"yoast-schema-graph\">{\"@context\":\"https:\\\/\\\/schema.org\",\"@graph\":[{\"@type\":\"WebPage\",\"@id\":\"https:\\\/\\\/www.retopz.com\\\/shipping-arrangement\\\/\",\"url\":\"https:\\\/\\\/www.retopz.com\\\/shipping-arrangement\\\/\",\"name\":\"Shipping Arrangement - Retop Carbide\",\"isPartOf\":{\"@id\":\"https:\\\/\\\/www.retopz.com\\\/#website\"},\"datePublished\":\"2024-12-30T02:44:38+00:00\",\"dateModified\":\"2024-12-30T02:55:55+00:00\",\"breadcrumb\":{\"@id\":\"https:\\\/\\\/www.retopz.com\\\/shipping-arrangement\\\/#breadcrumb\"},\"inLanguage\":\"es\",\"potentialAction\":[{\"@type\":\"ReadAction\",\"target\":[\"https:\\\/\\\/www.retopz.com\\\/shipping-arrangement\\\/\"]}]},{\"@type\":\"BreadcrumbList\",\"@id\":\"https:\\\/\\\/www.retopz.com\\\/shipping-arrangement\\\/#breadcrumb\",\"itemListElement\":[{\"@type\":\"ListItem\",\"position\":1,\"name\":\"Home\",\"item\":\"https:\\\/\\\/www.retopz.com\\\/\"},{\"@type\":\"ListItem\",\"position\":2,\"name\":\"Shipping Arrangement\"}]},{\"@type\":\"WebSite\",\"@id\":\"https:\\\/\\\/www.retopz.com\\\/#website\",\"url\":\"https:\\\/\\\/www.retopz.com\\\/\",\"name\":\"Retop Carbide\",\"description\":\"Tungsten Carbide Manufacturer\",\"publisher\":{\"@id\":\"https:\\\/\\\/www.retopz.com\\\/#organization\"},\"potentialAction\":[{\"@type\":\"SearchAction\",\"target\":{\"@type\":\"EntryPoint\",\"urlTemplate\":\"https:\\\/\\\/www.retopz.com\\\/?s={search_term_string}\"},\"query-input\":{\"@type\":\"PropertyValueSpecification\",\"valueRequired\":true,\"valueName\":\"search_term_string\"}}],\"inLanguage\":\"es\"},{\"@type\":\"Organization\",\"@id\":\"https:\\\/\\\/www.retopz.com\\\/#organization\",\"name\":\"Retop Carbide\",\"url\":\"https:\\\/\\\/www.retopz.com\\\/\",\"logo\":{\"@type\":\"ImageObject\",\"inLanguage\":\"es\",\"@id\":\"https:\\\/\\\/www.retopz.com\\\/#\\\/schema\\\/logo\\\/image\\\/\",\"url\":\"https:\\\/\\\/www.retopz.com\\\/wp-content\\\/uploads\\\/2024\\\/11\\\/retop.png\",\"contentUrl\":\"https:\\\/\\\/www.retopz.com\\\/wp-content\\\/uploads\\\/2024\\\/11\\\/retop.png\",\"width\":549,\"height\":326,\"caption\":\"Retop Carbide\"},\"image\":{\"@id\":\"https:\\\/\\\/www.retopz.com\\\/#\\\/schema\\\/logo\\\/image\\\/\"}}]}<\/script>\n<!-- \/ Yoast SEO Premium plugin. -->","yoast_head_json":{"title":"Shipping Arrangement - Retop Carbide","robots":{"index":"index","follow":"follow","max-snippet":"max-snippet:-1","max-image-preview":"max-image-preview:large","max-video-preview":"max-video-preview:-1"},"canonical":"https:\/\/www.retopz.com\/es\/shipping-arrangement\/","og_locale":"es_ES","og_type":"article","og_title":"Shipping Arrangement","og_description":"Shipping from China to your country Retop Carbide provide shipping service from China to overseas customers by sea and by air based on competitive shipping cost; our advantage is that when your tungsten carbide production is completed, we will directly connect with our long-term cooperative freight forwarding company to transport the goods to your country, [&hellip;]","og_url":"https:\/\/www.retopz.com\/es\/shipping-arrangement\/","og_site_name":"Retop Carbide","article_modified_time":"2024-12-30T02:55:55+00:00","twitter_card":"summary_large_image","twitter_misc":{"Tiempo de lectura":"1 minuto"},"schema":{"@context":"https:\/\/schema.org","@graph":[{"@type":"WebPage","@id":"https:\/\/www.retopz.com\/shipping-arrangement\/","url":"https:\/\/www.retopz.com\/shipping-arrangement\/","name":"Shipping Arrangement - Retop Carbide","isPartOf":{"@id":"https:\/\/www.retopz.com\/#website"},"datePublished":"2024-12-30T02:44:38+00:00","dateModified":"2024-12-30T02:55:55+00:00","breadcrumb":{"@id":"https:\/\/www.retopz.com\/shipping-arrangement\/#breadcrumb"},"inLanguage":"es","potentialAction":[{"@type":"ReadAction","target":["https:\/\/www.retopz.com\/shipping-arrangement\/"]}]},{"@type":"BreadcrumbList","@id":"https:\/\/www.retopz.com\/shipping-arrangement\/#breadcrumb","itemListElement":[{"@type":"ListItem","position":1,"name":"Home","item":"https:\/\/www.retopz.com\/"},{"@type":"ListItem","position":2,"name":"Shipping Arrangement"}]},{"@type":"WebSite","@id":"https:\/\/www.retopz.com\/#website","url":"https:\/\/www.retopz.com\/","name":"Retoque de carburo","description":"Fabricante de carburo de tungsteno","publisher":{"@id":"https:\/\/www.retopz.com\/#organization"},"potentialAction":[{"@type":"SearchAction","target":{"@type":"EntryPoint","urlTemplate":"https:\/\/www.retopz.com\/?s={search_term_string}"},"query-input":{"@type":"PropertyValueSpecification","valueRequired":true,"valueName":"search_term_string"}}],"inLanguage":"es"},{"@type":"Organization","@id":"https:\/\/www.retopz.com\/#organization","name":"Retoque de carburo","url":"https:\/\/www.retopz.com\/","logo":{"@type":"ImageObject","inLanguage":"es","@id":"https:\/\/www.retopz.com\/#\/schema\/logo\/image\/","url":"https:\/\/www.retopz.com\/wp-content\/uploads\/2024\/11\/retop.png","contentUrl":"https:\/\/www.retopz.com\/wp-content\/uploads\/2024\/11\/retop.png","width":549,"height":326,"caption":"Retop Carbide"},"image":{"@id":"https:\/\/www.retopz.com\/#\/schema\/logo\/image\/"}}]}},"_links":{"self":[{"href":"https:\/\/www.retopz.com\/es\/wp-json\/wp\/v2\/pages\/1949","targetHints":{"allow":["GET"]}}],"collection":[{"href":"https:\/\/www.retopz.com\/es\/wp-json\/wp\/v2\/pages"}],"about":[{"href":"https:\/\/www.retopz.com\/es\/wp-json\/wp\/v2\/types\/page"}],"author":[{"embeddable":true,"href":"https:\/\/www.retopz.com\/es\/wp-json\/wp\/v2\/users\/1"}],"replies":[{"embeddable":true,"href":"https:\/\/www.retopz.com\/es\/wp-json\/wp\/v2\/comments?post=1949"}],"version-history":[{"count":13,"href":"https:\/\/www.retopz.com\/es\/wp-json\/wp\/v2\/pages\/1949\/revisions"}],"predecessor-version":[{"id":1980,"href":"https:\/\/www.retopz.com\/es\/wp-json\/wp\/v2\/pages\/1949\/revisions\/1980"}],"wp:attachment":[{"href":"https:\/\/www.retopz.com\/es\/wp-json\/wp\/v2\/media?parent=1949"}],"curies":[{"name":"gracias","href":"https:\/\/api.w.org\/{rel}","templated":true}]}}