{"id":2140,"date":"2024-12-31T02:37:36","date_gmt":"2024-12-31T02:37:36","guid":{"rendered":"https:\/\/www.retopz.com\/?page_id=2140"},"modified":"2024-12-31T02:42:46","modified_gmt":"2024-12-31T02:42:46","slug":"warranty-policy","status":"publish","type":"page","link":"https:\/\/www.retopz.com\/es\/warranty-policy\/","title":{"rendered":"Pol\u00edtica de garant\u00eda"},"content":{"rendered":"<div data-elementor-type=\"wp-page\" data-elementor-id=\"2140\" class=\"elementor elementor-2140\" data-elementor-post-type=\"page\">\n\t\t\t\t<div class=\"elementor-element elementor-element-1e80820 e-flex e-con-boxed e-con e-parent\" data-id=\"1e80820\" data-element_type=\"container\" data-e-type=\"container\">\n\t\t\t\t\t<div class=\"e-con-inner\">\n\t\t\t\t<div class=\"elementor-element elementor-element-de914d5 elementor-widget elementor-widget-heading\" data-id=\"de914d5\" data-element_type=\"widget\" data-e-type=\"widget\" data-widget_type=\"heading.default\">\n\t\t\t\t<div class=\"elementor-widget-container\">\n\t\t\t\t\t<h1 class=\"elementor-heading-title elementor-size-default\">Pol\u00edtica de garant\u00eda<\/h1>\t\t\t\t<\/div>\n\t\t\t\t<\/div>\n\t\t\t\t<div class=\"elementor-element elementor-element-65703b5 elementor-widget elementor-widget-text-editor\" data-id=\"65703b5\" data-element_type=\"widget\" data-e-type=\"widget\" data-widget_type=\"text-editor.default\">\n\t\t\t\t<div class=\"elementor-widget-container\">\n\t\t\t\t\t\t\t\t\t<p>Nuestros productos de carburo de tungsteno se fabrican con materias primas 100% y con rigurosas medidas de control de calidad. Garantizamos nuestros productos contra defectos de materiales y mano de obra en condiciones normales de uso y servicio.\u00a0<\/p><p><strong>Esta garant\u00eda cubre defectos relacionados con:<\/strong><\/p><ol><li>Retop Carbide proporcionar\u00e1 productos cuyas dimensiones coincidan exactamente con los dibujos.<\/li><li>El carburo de retapado garantizar\u00e1 la dureza, densidad, resistencia a la flexi\u00f3n y otras especificaciones para todos los art\u00edculos.<\/li><li>Nos aseguraremos de que todo el material sea materia prima 100%.<\/li><li>El carburo de repintado garantizar\u00e1 que el acabado de la superficie sea agradable y calificado.<\/li><li>Todos los productos se basan en la norma ISO.<\/li><\/ol><p>\u00a0<\/p><hr \/><p>\u00a0<\/p><p><strong>Esta garant\u00eda NO cubre:<\/strong><\/p><ol><li>Da\u00f1os causados por mal uso, abuso, negligencia, accidentes o reparaciones no autorizadas.<\/li><li>Desgaste normal (por ejemplo, desgaste del filo).<\/li><li>Da\u00f1os causados por almacenamiento o manipulaci\u00f3n inadecuados.<\/li><li>Productos modificados o alterados de cualquier manera.<\/li><\/ol><p>\u00a0<\/p><p>Para realizar un reclamo de garant\u00eda, comun\u00edquese con nosotros con el comprobante de compra y una descripci\u00f3n del defecto. Evaluaremos el reclamo y, si es v\u00e1lido, repararemos o reemplazaremos el producto defectuoso a nuestra discreci\u00f3n.<\/p>\t\t\t\t\t\t\t\t<\/div>\n\t\t\t\t<\/div>\n\t\t\t\t<div class=\"elementor-element elementor-element-d0769d8 elementor-widget elementor-widget-text-editor\" data-id=\"d0769d8\" data-element_type=\"widget\" data-e-type=\"widget\" data-widget_type=\"text-editor.default\">\n\t\t\t\t<div class=\"elementor-widget-container\">\n\t\t\t\t\t\t\t\t\t<p>\u00bfA\u00fan tienes alguna pregunta?<\/p>\t\t\t\t\t\t\t\t<\/div>\n\t\t\t\t<\/div>\n\t\t\t\t<div class=\"elementor-element elementor-element-3d9f622 elementor-align-center elementor-widget elementor-widget-button\" data-id=\"3d9f622\" data-element_type=\"widget\" data-e-type=\"widget\" data-widget_type=\"button.default\">\n\t\t\t\t<div class=\"elementor-widget-container\">\n\t\t\t\t\t\t\t\t\t<div class=\"elementor-button-wrapper\">\n\t\t\t\t\t<a class=\"elementor-button elementor-button-link elementor-size-sm\" href=\"https:\/\/www.retopz.com\/es\/contact\/\" target=\"_blank\">\n\t\t\t\t\t\t<span class=\"elementor-button-content-wrapper\">\n\t\t\t\t\t\t\t\t\t<span class=\"elementor-button-text\">\u00a1Cont\u00e1ctanos ahora!<\/span>\n\t\t\t\t\t<\/span>\n\t\t\t\t\t<\/a>\n\t\t\t\t<\/div>\n\t\t\t\t\t\t\t\t<\/div>\n\t\t\t\t<\/div>\n\t\t\t\t\t<\/div>\n\t\t\t\t<\/div>\n\t\t\t\t<\/div>","protected":false},"excerpt":{"rendered":"<p>Warranty Policy Our tungsten carbide products are manufactured using 100% raw materials and rigorous quality control measures. We warrant our products against defects in materials and workmanship under normal use and service.\u00a0 This warranty covers defects related to: Retop Carbide shall provide the products dimensions are exactly according to the drawings Retop carbide shall guarantee [&hellip;]<\/p>\n","protected":false},"author":1,"featured_media":0,"parent":0,"menu_order":0,"comment_status":"closed","ping_status":"closed","template":"","meta":{"footnotes":""},"class_list":["post-2140","page","type-page","status-publish","hentry"],"yoast_head":"<!-- This site is optimized with the Yoast SEO Premium plugin v25.8 (Yoast SEO v27.5) - https:\/\/yoast.com\/product\/yoast-seo-premium-wordpress\/ -->\n<title>Warranty Policy - Retop Carbide<\/title>\n<meta name=\"robots\" content=\"index, follow, max-snippet:-1, max-image-preview:large, max-video-preview:-1\" \/>\n<link rel=\"canonical\" href=\"https:\/\/www.retopz.com\/es\/warranty-policy\/\" \/>\n<meta property=\"og:locale\" content=\"es_ES\" \/>\n<meta property=\"og:type\" content=\"article\" \/>\n<meta property=\"og:title\" content=\"Warranty Policy\" \/>\n<meta property=\"og:description\" content=\"Warranty Policy Our tungsten carbide products are manufactured using 100% raw materials and rigorous quality control measures. We warrant our products against defects in materials and workmanship under normal use and service.\u00a0 This warranty covers defects related to: Retop Carbide shall provide the products dimensions are exactly according to the drawings Retop carbide shall guarantee [&hellip;]\" \/>\n<meta property=\"og:url\" content=\"https:\/\/www.retopz.com\/es\/warranty-policy\/\" \/>\n<meta property=\"og:site_name\" content=\"Retop Carbide\" \/>\n<meta property=\"article:modified_time\" content=\"2024-12-31T02:42:46+00:00\" \/>\n<meta name=\"twitter:card\" content=\"summary_large_image\" \/>\n<meta name=\"twitter:label1\" content=\"Tiempo de lectura\" \/>\n\t<meta name=\"twitter:data1\" content=\"1 minuto\" \/>\n<script type=\"application\/ld+json\" class=\"yoast-schema-graph\">{\"@context\":\"https:\\\/\\\/schema.org\",\"@graph\":[{\"@type\":\"WebPage\",\"@id\":\"https:\\\/\\\/www.retopz.com\\\/warranty-policy\\\/\",\"url\":\"https:\\\/\\\/www.retopz.com\\\/warranty-policy\\\/\",\"name\":\"Warranty Policy - Retop Carbide\",\"isPartOf\":{\"@id\":\"https:\\\/\\\/www.retopz.com\\\/#website\"},\"datePublished\":\"2024-12-31T02:37:36+00:00\",\"dateModified\":\"2024-12-31T02:42:46+00:00\",\"breadcrumb\":{\"@id\":\"https:\\\/\\\/www.retopz.com\\\/warranty-policy\\\/#breadcrumb\"},\"inLanguage\":\"es\",\"potentialAction\":[{\"@type\":\"ReadAction\",\"target\":[\"https:\\\/\\\/www.retopz.com\\\/warranty-policy\\\/\"]}]},{\"@type\":\"BreadcrumbList\",\"@id\":\"https:\\\/\\\/www.retopz.com\\\/warranty-policy\\\/#breadcrumb\",\"itemListElement\":[{\"@type\":\"ListItem\",\"position\":1,\"name\":\"Home\",\"item\":\"https:\\\/\\\/www.retopz.com\\\/\"},{\"@type\":\"ListItem\",\"position\":2,\"name\":\"Warranty Policy\"}]},{\"@type\":\"WebSite\",\"@id\":\"https:\\\/\\\/www.retopz.com\\\/#website\",\"url\":\"https:\\\/\\\/www.retopz.com\\\/\",\"name\":\"Retop Carbide\",\"description\":\"Tungsten Carbide Manufacturer\",\"publisher\":{\"@id\":\"https:\\\/\\\/www.retopz.com\\\/#organization\"},\"potentialAction\":[{\"@type\":\"SearchAction\",\"target\":{\"@type\":\"EntryPoint\",\"urlTemplate\":\"https:\\\/\\\/www.retopz.com\\\/?s={search_term_string}\"},\"query-input\":{\"@type\":\"PropertyValueSpecification\",\"valueRequired\":true,\"valueName\":\"search_term_string\"}}],\"inLanguage\":\"es\"},{\"@type\":\"Organization\",\"@id\":\"https:\\\/\\\/www.retopz.com\\\/#organization\",\"name\":\"Retop Carbide\",\"url\":\"https:\\\/\\\/www.retopz.com\\\/\",\"logo\":{\"@type\":\"ImageObject\",\"inLanguage\":\"es\",\"@id\":\"https:\\\/\\\/www.retopz.com\\\/#\\\/schema\\\/logo\\\/image\\\/\",\"url\":\"https:\\\/\\\/www.retopz.com\\\/wp-content\\\/uploads\\\/2024\\\/11\\\/retop.png\",\"contentUrl\":\"https:\\\/\\\/www.retopz.com\\\/wp-content\\\/uploads\\\/2024\\\/11\\\/retop.png\",\"width\":549,\"height\":326,\"caption\":\"Retop Carbide\"},\"image\":{\"@id\":\"https:\\\/\\\/www.retopz.com\\\/#\\\/schema\\\/logo\\\/image\\\/\"}}]}<\/script>\n<!-- \/ Yoast SEO Premium plugin. -->","yoast_head_json":{"title":"Warranty Policy - Retop Carbide","robots":{"index":"index","follow":"follow","max-snippet":"max-snippet:-1","max-image-preview":"max-image-preview:large","max-video-preview":"max-video-preview:-1"},"canonical":"https:\/\/www.retopz.com\/es\/warranty-policy\/","og_locale":"es_ES","og_type":"article","og_title":"Warranty Policy","og_description":"Warranty Policy Our tungsten carbide products are manufactured using 100% raw materials and rigorous quality control measures. We warrant our products against defects in materials and workmanship under normal use and service.\u00a0 This warranty covers defects related to: Retop Carbide shall provide the products dimensions are exactly according to the drawings Retop carbide shall guarantee [&hellip;]","og_url":"https:\/\/www.retopz.com\/es\/warranty-policy\/","og_site_name":"Retop Carbide","article_modified_time":"2024-12-31T02:42:46+00:00","twitter_card":"summary_large_image","twitter_misc":{"Tiempo de lectura":"1 minuto"},"schema":{"@context":"https:\/\/schema.org","@graph":[{"@type":"WebPage","@id":"https:\/\/www.retopz.com\/warranty-policy\/","url":"https:\/\/www.retopz.com\/warranty-policy\/","name":"Warranty Policy - Retop Carbide","isPartOf":{"@id":"https:\/\/www.retopz.com\/#website"},"datePublished":"2024-12-31T02:37:36+00:00","dateModified":"2024-12-31T02:42:46+00:00","breadcrumb":{"@id":"https:\/\/www.retopz.com\/warranty-policy\/#breadcrumb"},"inLanguage":"es","potentialAction":[{"@type":"ReadAction","target":["https:\/\/www.retopz.com\/warranty-policy\/"]}]},{"@type":"BreadcrumbList","@id":"https:\/\/www.retopz.com\/warranty-policy\/#breadcrumb","itemListElement":[{"@type":"ListItem","position":1,"name":"Home","item":"https:\/\/www.retopz.com\/"},{"@type":"ListItem","position":2,"name":"Warranty Policy"}]},{"@type":"WebSite","@id":"https:\/\/www.retopz.com\/#website","url":"https:\/\/www.retopz.com\/","name":"Retoque de carburo","description":"Fabricante de carburo de tungsteno","publisher":{"@id":"https:\/\/www.retopz.com\/#organization"},"potentialAction":[{"@type":"SearchAction","target":{"@type":"EntryPoint","urlTemplate":"https:\/\/www.retopz.com\/?s={search_term_string}"},"query-input":{"@type":"PropertyValueSpecification","valueRequired":true,"valueName":"search_term_string"}}],"inLanguage":"es"},{"@type":"Organization","@id":"https:\/\/www.retopz.com\/#organization","name":"Retoque de carburo","url":"https:\/\/www.retopz.com\/","logo":{"@type":"ImageObject","inLanguage":"es","@id":"https:\/\/www.retopz.com\/#\/schema\/logo\/image\/","url":"https:\/\/www.retopz.com\/wp-content\/uploads\/2024\/11\/retop.png","contentUrl":"https:\/\/www.retopz.com\/wp-content\/uploads\/2024\/11\/retop.png","width":549,"height":326,"caption":"Retop Carbide"},"image":{"@id":"https:\/\/www.retopz.com\/#\/schema\/logo\/image\/"}}]}},"_links":{"self":[{"href":"https:\/\/www.retopz.com\/es\/wp-json\/wp\/v2\/pages\/2140","targetHints":{"allow":["GET"]}}],"collection":[{"href":"https:\/\/www.retopz.com\/es\/wp-json\/wp\/v2\/pages"}],"about":[{"href":"https:\/\/www.retopz.com\/es\/wp-json\/wp\/v2\/types\/page"}],"author":[{"embeddable":true,"href":"https:\/\/www.retopz.com\/es\/wp-json\/wp\/v2\/users\/1"}],"replies":[{"embeddable":true,"href":"https:\/\/www.retopz.com\/es\/wp-json\/wp\/v2\/comments?post=2140"}],"version-history":[{"count":7,"href":"https:\/\/www.retopz.com\/es\/wp-json\/wp\/v2\/pages\/2140\/revisions"}],"predecessor-version":[{"id":2148,"href":"https:\/\/www.retopz.com\/es\/wp-json\/wp\/v2\/pages\/2140\/revisions\/2148"}],"wp:attachment":[{"href":"https:\/\/www.retopz.com\/es\/wp-json\/wp\/v2\/media?parent=2140"}],"curies":[{"name":"gracias","href":"https:\/\/api.w.org\/{rel}","templated":true}]}}