{"id":292,"date":"2024-12-06T05:05:29","date_gmt":"2024-12-06T05:05:29","guid":{"rendered":"https:\/\/www.retopz.com\/?page_id=292"},"modified":"2025-06-10T11:55:40","modified_gmt":"2025-06-10T11:55:40","slug":"products","status":"publish","type":"page","link":"https:\/\/www.retopz.com\/es\/products\/","title":{"rendered":"Productos"},"content":{"rendered":"<div data-elementor-type=\"wp-page\" data-elementor-id=\"292\" class=\"elementor elementor-292\" data-elementor-post-type=\"page\">\n\t\t\t\t\t\t<section class=\"elementor-section elementor-top-section elementor-element elementor-element-f27eae2 elementor-section-boxed elementor-section-height-default elementor-section-height-default\" data-id=\"f27eae2\" data-element_type=\"section\" data-e-type=\"section\">\n\t\t\t\t\t\t<div class=\"elementor-container elementor-column-gap-default\">\n\t\t\t\t\t<div class=\"elementor-column elementor-col-100 elementor-top-column elementor-element elementor-element-9e3c073\" data-id=\"9e3c073\" data-element_type=\"column\" data-e-type=\"column\">\n\t\t\t<div class=\"elementor-widget-wrap elementor-element-populated\">\n\t\t\t\t\t\t<div class=\"elementor-element elementor-element-36b200b elementor-widget elementor-widget-heading\" data-id=\"36b200b\" data-element_type=\"widget\" data-e-type=\"widget\" data-widget_type=\"heading.default\">\n\t\t\t\t<div class=\"elementor-widget-container\">\n\t\t\t\t\t<h2 class=\"elementor-heading-title elementor-size-default\">Herramientas confiables, piezas de desgaste y componentes especiales<\/h2>\t\t\t\t<\/div>\n\t\t\t\t<\/div>\n\t\t\t\t<div class=\"elementor-element elementor-element-b097ec3 elementor-widget elementor-widget-text-editor\" data-id=\"b097ec3\" data-element_type=\"widget\" data-e-type=\"widget\" data-widget_type=\"text-editor.default\">\n\t\t\t\t<div class=\"elementor-widget-container\">\n\t\t\t\t\t\t\t\t\t<p>As\u00f3ciese con nosotros para obtener piezas de carburo de tungsteno de precisi\u00f3n: equipo avanzado, calidad certificada ISO, soluciones personalizadas, entrega global r\u00e1pida y soporte t\u00e9cnico las 24 horas, los 7 d\u00edas de la semana para impulsar su productividad y \u00e9xito.<\/p>\t\t\t\t\t\t\t\t<\/div>\n\t\t\t\t<\/div>\n\t\t\t\t<div class=\"elementor-element elementor-element-d751dca elementor-cta--layout-image-above elementor-widget__width-initial elementor-widget-mobile__width-inherit elementor-cta--skin-classic elementor-animated-content elementor-widget elementor-widget-call-to-action\" data-id=\"d751dca\" data-element_type=\"widget\" data-e-type=\"widget\" data-widget_type=\"call-to-action.default\">\n\t\t\t\t<div class=\"elementor-widget-container\">\n\t\t\t\t\t\t\t<div class=\"elementor-cta\">\n\t\t\t\t\t<div class=\"elementor-cta__bg-wrapper\">\n\t\t\t\t<div class=\"elementor-cta__bg elementor-bg\" style=\"background-image: url(https:\/\/www.retopz.com\/wp-content\/uploads\/2025\/06\/Carbide-Wear-Parts.jpg);\" role=\"img\" aria-label=\"Piezas de desgaste de carburo\"><\/div>\n\t\t\t\t<div class=\"elementor-cta__bg-overlay\"><\/div>\n\t\t\t<\/div>\n\t\t\t\t\t\t\t<div class=\"elementor-cta__content\">\n\t\t\t\t\n\t\t\t\t\t\t\t\t\t<h3 class=\"elementor-cta__title elementor-cta__content-item elementor-content-item\">\n\t\t\t\t\t\tPiezas de desgaste y componentes especiales\t\t\t\t\t<\/h3>\n\t\t\t\t\n\t\t\t\t\t\t\t\t\t<div class=\"elementor-cta__description elementor-cta__content-item elementor-content-item\">\n\t\t\t\t\t\tLas piezas de desgaste de carburo de tungsteno mejoran la vida \u00fatil, la precisi\u00f3n y la eficiencia de la herramienta en aplicaciones de mecanizado CNC.\t\t\t\t\t<\/div>\n\t\t\t\t\n\t\t\t\t\t\t\t\t\t<div class=\"elementor-cta__button-wrapper elementor-cta__content-item elementor-content-item\">\n\t\t\t\t\t<a class=\"elementor-cta__button elementor-button elementor-size-\" href=\"https:\/\/www.retopz.com\/es\/wear-parts-and-specialty-components\/\" target=\"_blank\">\n\t\t\t\t\t\tM\u00e1s detalles\t\t\t\t\t<\/a>\n\t\t\t\t\t<\/div>\n\t\t\t\t\t\t\t<\/div>\n\t\t\t\t\t\t<\/div>\n\t\t\t\t\t\t<\/div>\n\t\t\t\t<\/div>\n\t\t\t\t<div class=\"elementor-element elementor-element-fef0a53 elementor-cta--layout-image-above elementor-widget__width-initial elementor-widget-mobile__width-inherit elementor-cta--skin-classic elementor-animated-content elementor-widget elementor-widget-call-to-action\" data-id=\"fef0a53\" data-element_type=\"widget\" data-e-type=\"widget\" data-widget_type=\"call-to-action.default\">\n\t\t\t\t<div class=\"elementor-widget-container\">\n\t\t\t\t\t\t\t<div class=\"elementor-cta\">\n\t\t\t\t\t<div class=\"elementor-cta__bg-wrapper\">\n\t\t\t\t<div class=\"elementor-cta__bg elementor-bg\" style=\"background-image: url(https:\/\/www.retopz.com\/wp-content\/uploads\/2025\/06\/Oil-and-natural-gas-wear-parts.jpg);\" role=\"img\" aria-label=\"Piezas de desgaste para petr\u00f3leo y gas natural\"><\/div>\n\t\t\t\t<div class=\"elementor-cta__bg-overlay\"><\/div>\n\t\t\t<\/div>\n\t\t\t\t\t\t\t<div class=\"elementor-cta__content\">\n\t\t\t\t\n\t\t\t\t\t\t\t\t\t<h3 class=\"elementor-cta__title elementor-cta__content-item elementor-content-item\">\n\t\t\t\t\t\tPiezas de desgaste para petr\u00f3leo y gas natural\t\t\t\t\t<\/h3>\n\t\t\t\t\n\t\t\t\t\t\t\t\t\t<div class=\"elementor-cta__description elementor-cta__content-item elementor-content-item\">\n\t\t\t\t\t\tLas piezas de desgaste de carburo de tungsteno mejoran la durabilidad y el rendimiento en la perforaci\u00f3n, extracci\u00f3n y manipulaci\u00f3n de equipos.\t\t\t\t\t<\/div>\n\t\t\t\t\n\t\t\t\t\t\t\t\t\t<div class=\"elementor-cta__button-wrapper elementor-cta__content-item elementor-content-item\">\n\t\t\t\t\t<a class=\"elementor-cta__button elementor-button elementor-size-\" href=\"https:\/\/www.retopz.com\/es\/oil-natural-gas-wear-parts\/\" target=\"_blank\">\n\t\t\t\t\t\tM\u00e1s detalles\t\t\t\t\t<\/a>\n\t\t\t\t\t<\/div>\n\t\t\t\t\t\t\t<\/div>\n\t\t\t\t\t\t<\/div>\n\t\t\t\t\t\t<\/div>\n\t\t\t\t<\/div>\n\t\t\t\t<div class=\"elementor-element elementor-element-8372735 elementor-cta--layout-image-above elementor-widget__width-initial elementor-widget-mobile__width-inherit elementor-cta--skin-classic elementor-animated-content elementor-widget elementor-widget-call-to-action\" data-id=\"8372735\" data-element_type=\"widget\" data-e-type=\"widget\" data-widget_type=\"call-to-action.default\">\n\t\t\t\t<div class=\"elementor-widget-container\">\n\t\t\t\t\t\t\t<div class=\"elementor-cta\">\n\t\t\t\t\t<div class=\"elementor-cta__bg-wrapper\">\n\t\t\t\t<div class=\"elementor-cta__bg elementor-bg\" style=\"background-image: url(https:\/\/www.retopz.com\/wp-content\/uploads\/2025\/05\/Tungsten-Carbide-Cutting-Tools-3.png);\" role=\"img\" aria-label=\"Herramientas de corte de carburo de tungsteno\"><\/div>\n\t\t\t\t<div class=\"elementor-cta__bg-overlay\"><\/div>\n\t\t\t<\/div>\n\t\t\t\t\t\t\t<div class=\"elementor-cta__content\">\n\t\t\t\t\n\t\t\t\t\t\t\t\t\t<h3 class=\"elementor-cta__title elementor-cta__content-item elementor-content-item\">\n\t\t\t\t\t\tHerramientas de corte de carburo de tungsteno\t\t\t\t\t<\/h3>\n\t\t\t\t\n\t\t\t\t\t\t\t\t\t<div class=\"elementor-cta__description elementor-cta__content-item elementor-content-item\">\n\t\t\t\t\t\tLas herramientas de corte de carburo de tungsteno brindan precisi\u00f3n, durabilidad y eficiencia en las industrias automotriz y de carpinter\u00eda.\t\t\t\t\t<\/div>\n\t\t\t\t\n\t\t\t\t\t\t\t\t\t<div class=\"elementor-cta__button-wrapper elementor-cta__content-item elementor-content-item\">\n\t\t\t\t\t<a class=\"elementor-cta__button elementor-button elementor-size-\" href=\"https:\/\/www.retopz.com\/es\/tungsten-carbide-cutting-tools\/\" target=\"_blank\">\n\t\t\t\t\t\tM\u00e1s detalles\t\t\t\t\t<\/a>\n\t\t\t\t\t<\/div>\n\t\t\t\t\t\t\t<\/div>\n\t\t\t\t\t\t<\/div>\n\t\t\t\t\t\t<\/div>\n\t\t\t\t<\/div>\n\t\t\t\t\t<\/div>\n\t\t<\/div>\n\t\t\t\t\t<\/div>\n\t\t<\/section>\n\t\t\t\t<\/div>","protected":false},"excerpt":{"rendered":"<p>Dependable Tooling, Wear parts and Specialty Components Partner with us for precision tungsten carbide parts: advanced equipment, ISO-certified quality, custom solutions, rapid global delivery, and 24\/7 technical support to boost your productivity and success. Wear parts and specialty components Tungsten carbide wear parts improve tool life, precision, and efficiency in CNC machining applications. More Details [&hellip;]<\/p>\n","protected":false},"author":1,"featured_media":0,"parent":0,"menu_order":0,"comment_status":"closed","ping_status":"closed","template":"","meta":{"footnotes":""},"class_list":["post-292","page","type-page","status-publish","hentry"],"yoast_head":"<!-- This site is optimized with the Yoast SEO Premium plugin v25.8 (Yoast SEO v27.5) - https:\/\/yoast.com\/product\/yoast-seo-premium-wordpress\/ -->\n<title>Products - Retop Carbide<\/title>\n<meta name=\"robots\" content=\"index, follow, max-snippet:-1, max-image-preview:large, max-video-preview:-1\" \/>\n<link rel=\"canonical\" href=\"https:\/\/www.retopz.com\/es\/products\/\" \/>\n<meta property=\"og:locale\" content=\"es_ES\" \/>\n<meta property=\"og:type\" content=\"article\" \/>\n<meta property=\"og:title\" content=\"Products\" \/>\n<meta property=\"og:description\" content=\"Dependable Tooling, Wear parts and Specialty Components Partner with us for precision tungsten carbide parts: advanced equipment, ISO-certified quality, custom solutions, rapid global delivery, and 24\/7 technical support to boost your productivity and success. Wear parts and specialty components Tungsten carbide wear parts improve tool life, precision, and efficiency in CNC machining applications. More Details [&hellip;]\" \/>\n<meta property=\"og:url\" content=\"https:\/\/www.retopz.com\/es\/products\/\" \/>\n<meta property=\"og:site_name\" content=\"Retop Carbide\" \/>\n<meta property=\"article:modified_time\" content=\"2025-06-10T11:55:40+00:00\" \/>\n<meta name=\"twitter:card\" content=\"summary_large_image\" \/>\n<meta name=\"twitter:label1\" content=\"Tiempo de lectura\" \/>\n\t<meta name=\"twitter:data1\" content=\"1 minuto\" \/>\n<script type=\"application\/ld+json\" class=\"yoast-schema-graph\">{\"@context\":\"https:\\\/\\\/schema.org\",\"@graph\":[{\"@type\":\"WebPage\",\"@id\":\"https:\\\/\\\/www.retopz.com\\\/products\\\/\",\"url\":\"https:\\\/\\\/www.retopz.com\\\/products\\\/\",\"name\":\"Products - Retop Carbide\",\"isPartOf\":{\"@id\":\"https:\\\/\\\/www.retopz.com\\\/#website\"},\"datePublished\":\"2024-12-06T05:05:29+00:00\",\"dateModified\":\"2025-06-10T11:55:40+00:00\",\"breadcrumb\":{\"@id\":\"https:\\\/\\\/www.retopz.com\\\/products\\\/#breadcrumb\"},\"inLanguage\":\"es\",\"potentialAction\":[{\"@type\":\"ReadAction\",\"target\":[\"https:\\\/\\\/www.retopz.com\\\/products\\\/\"]}]},{\"@type\":\"BreadcrumbList\",\"@id\":\"https:\\\/\\\/www.retopz.com\\\/products\\\/#breadcrumb\",\"itemListElement\":[{\"@type\":\"ListItem\",\"position\":1,\"name\":\"Home\",\"item\":\"https:\\\/\\\/www.retopz.com\\\/\"},{\"@type\":\"ListItem\",\"position\":2,\"name\":\"Products\"}]},{\"@type\":\"WebSite\",\"@id\":\"https:\\\/\\\/www.retopz.com\\\/#website\",\"url\":\"https:\\\/\\\/www.retopz.com\\\/\",\"name\":\"Retop Carbide\",\"description\":\"Tungsten Carbide Manufacturer\",\"publisher\":{\"@id\":\"https:\\\/\\\/www.retopz.com\\\/#organization\"},\"potentialAction\":[{\"@type\":\"SearchAction\",\"target\":{\"@type\":\"EntryPoint\",\"urlTemplate\":\"https:\\\/\\\/www.retopz.com\\\/?s={search_term_string}\"},\"query-input\":{\"@type\":\"PropertyValueSpecification\",\"valueRequired\":true,\"valueName\":\"search_term_string\"}}],\"inLanguage\":\"es\"},{\"@type\":\"Organization\",\"@id\":\"https:\\\/\\\/www.retopz.com\\\/#organization\",\"name\":\"Retop Carbide\",\"url\":\"https:\\\/\\\/www.retopz.com\\\/\",\"logo\":{\"@type\":\"ImageObject\",\"inLanguage\":\"es\",\"@id\":\"https:\\\/\\\/www.retopz.com\\\/#\\\/schema\\\/logo\\\/image\\\/\",\"url\":\"https:\\\/\\\/www.retopz.com\\\/wp-content\\\/uploads\\\/2024\\\/11\\\/retop.png\",\"contentUrl\":\"https:\\\/\\\/www.retopz.com\\\/wp-content\\\/uploads\\\/2024\\\/11\\\/retop.png\",\"width\":549,\"height\":326,\"caption\":\"Retop Carbide\"},\"image\":{\"@id\":\"https:\\\/\\\/www.retopz.com\\\/#\\\/schema\\\/logo\\\/image\\\/\"}}]}<\/script>\n<!-- \/ Yoast SEO Premium plugin. -->","yoast_head_json":{"title":"Products - Retop Carbide","robots":{"index":"index","follow":"follow","max-snippet":"max-snippet:-1","max-image-preview":"max-image-preview:large","max-video-preview":"max-video-preview:-1"},"canonical":"https:\/\/www.retopz.com\/es\/products\/","og_locale":"es_ES","og_type":"article","og_title":"Products","og_description":"Dependable Tooling, Wear parts and Specialty Components Partner with us for precision tungsten carbide parts: advanced equipment, ISO-certified quality, custom solutions, rapid global delivery, and 24\/7 technical support to boost your productivity and success. Wear parts and specialty components Tungsten carbide wear parts improve tool life, precision, and efficiency in CNC machining applications. More Details [&hellip;]","og_url":"https:\/\/www.retopz.com\/es\/products\/","og_site_name":"Retop Carbide","article_modified_time":"2025-06-10T11:55:40+00:00","twitter_card":"summary_large_image","twitter_misc":{"Tiempo de lectura":"1 minuto"},"schema":{"@context":"https:\/\/schema.org","@graph":[{"@type":"WebPage","@id":"https:\/\/www.retopz.com\/products\/","url":"https:\/\/www.retopz.com\/products\/","name":"Products - Retop Carbide","isPartOf":{"@id":"https:\/\/www.retopz.com\/#website"},"datePublished":"2024-12-06T05:05:29+00:00","dateModified":"2025-06-10T11:55:40+00:00","breadcrumb":{"@id":"https:\/\/www.retopz.com\/products\/#breadcrumb"},"inLanguage":"es","potentialAction":[{"@type":"ReadAction","target":["https:\/\/www.retopz.com\/products\/"]}]},{"@type":"BreadcrumbList","@id":"https:\/\/www.retopz.com\/products\/#breadcrumb","itemListElement":[{"@type":"ListItem","position":1,"name":"Home","item":"https:\/\/www.retopz.com\/"},{"@type":"ListItem","position":2,"name":"Products"}]},{"@type":"WebSite","@id":"https:\/\/www.retopz.com\/#website","url":"https:\/\/www.retopz.com\/","name":"Retoque de carburo","description":"Fabricante de carburo de tungsteno","publisher":{"@id":"https:\/\/www.retopz.com\/#organization"},"potentialAction":[{"@type":"SearchAction","target":{"@type":"EntryPoint","urlTemplate":"https:\/\/www.retopz.com\/?s={search_term_string}"},"query-input":{"@type":"PropertyValueSpecification","valueRequired":true,"valueName":"search_term_string"}}],"inLanguage":"es"},{"@type":"Organization","@id":"https:\/\/www.retopz.com\/#organization","name":"Retoque de carburo","url":"https:\/\/www.retopz.com\/","logo":{"@type":"ImageObject","inLanguage":"es","@id":"https:\/\/www.retopz.com\/#\/schema\/logo\/image\/","url":"https:\/\/www.retopz.com\/wp-content\/uploads\/2024\/11\/retop.png","contentUrl":"https:\/\/www.retopz.com\/wp-content\/uploads\/2024\/11\/retop.png","width":549,"height":326,"caption":"Retop Carbide"},"image":{"@id":"https:\/\/www.retopz.com\/#\/schema\/logo\/image\/"}}]}},"_links":{"self":[{"href":"https:\/\/www.retopz.com\/es\/wp-json\/wp\/v2\/pages\/292","targetHints":{"allow":["GET"]}}],"collection":[{"href":"https:\/\/www.retopz.com\/es\/wp-json\/wp\/v2\/pages"}],"about":[{"href":"https:\/\/www.retopz.com\/es\/wp-json\/wp\/v2\/types\/page"}],"author":[{"embeddable":true,"href":"https:\/\/www.retopz.com\/es\/wp-json\/wp\/v2\/users\/1"}],"replies":[{"embeddable":true,"href":"https:\/\/www.retopz.com\/es\/wp-json\/wp\/v2\/comments?post=292"}],"version-history":[{"count":18,"href":"https:\/\/www.retopz.com\/es\/wp-json\/wp\/v2\/pages\/292\/revisions"}],"predecessor-version":[{"id":5573,"href":"https:\/\/www.retopz.com\/es\/wp-json\/wp\/v2\/pages\/292\/revisions\/5573"}],"wp:attachment":[{"href":"https:\/\/www.retopz.com\/es\/wp-json\/wp\/v2\/media?parent=292"}],"curies":[{"name":"gracias","href":"https:\/\/api.w.org\/{rel}","templated":true}]}}