{"id":2140,"date":"2024-12-31T02:37:36","date_gmt":"2024-12-31T02:37:36","guid":{"rendered":"https:\/\/www.retopz.com\/?page_id=2140"},"modified":"2024-12-31T02:42:46","modified_gmt":"2024-12-31T02:42:46","slug":"warranty-policy","status":"publish","type":"page","link":"https:\/\/www.retopz.com\/fr\/warranty-policy\/","title":{"rendered":"Politique de garantie"},"content":{"rendered":"<div data-elementor-type=\"wp-page\" data-elementor-id=\"2140\" class=\"elementor elementor-2140\" data-elementor-post-type=\"page\">\n\t\t\t\t<div class=\"elementor-element elementor-element-1e80820 e-flex e-con-boxed e-con e-parent\" data-id=\"1e80820\" data-element_type=\"container\" data-e-type=\"container\">\n\t\t\t\t\t<div class=\"e-con-inner\">\n\t\t\t\t<div class=\"elementor-element elementor-element-de914d5 elementor-widget elementor-widget-heading\" data-id=\"de914d5\" data-element_type=\"widget\" data-e-type=\"widget\" data-widget_type=\"heading.default\">\n\t\t\t\t<div class=\"elementor-widget-container\">\n\t\t\t\t\t<h1 class=\"elementor-heading-title elementor-size-default\">Politique de garantie<\/h1>\t\t\t\t<\/div>\n\t\t\t\t<\/div>\n\t\t\t\t<div class=\"elementor-element elementor-element-65703b5 elementor-widget elementor-widget-text-editor\" data-id=\"65703b5\" data-element_type=\"widget\" data-e-type=\"widget\" data-widget_type=\"text-editor.default\">\n\t\t\t\t<div class=\"elementor-widget-container\">\n\t\t\t\t\t\t\t\t\t<p>Nos produits en carbure de tungst\u00e8ne sont fabriqu\u00e9s \u00e0 partir de mati\u00e8res premi\u00e8res 100% et de mesures de contr\u00f4le de qualit\u00e9 rigoureuses. Nous garantissons nos produits contre les d\u00e9fauts de mat\u00e9riaux et de fabrication dans des conditions normales d&#039;utilisation et de service.\u00a0<\/p><p><strong>Cette garantie couvre les d\u00e9fauts li\u00e9s \u00e0 :<\/strong><\/p><ol><li>Retop Carbide doit fournir des dimensions de produits exactement conformes aux dessins<\/li><li>Le carbure Retop doit garantir la duret\u00e9, la densit\u00e9, la r\u00e9sistance \u00e0 la flexion et d&#039;autres sp\u00e9cifications pour tous les articles.<\/li><li>Nous veillerons \u00e0 ce que tous les mat\u00e9riaux soient des mati\u00e8res premi\u00e8res 100%.<\/li><li>Le carbure Retop garantit que la finition de surface est belle et qualifi\u00e9e.<\/li><li>Tous les produits sont bas\u00e9s sur la norme ISO.<\/li><\/ol><p>\u00a0<\/p><hr \/><p>\u00a0<\/p><p><strong>Cette garantie ne couvre PAS :<\/strong><\/p><ol><li>Dommages caus\u00e9s par une mauvaise utilisation, un abus, une n\u00e9gligence, des accidents ou des r\u00e9parations non autoris\u00e9es.<\/li><li>Usure normale (par exemple, \u00e9moussement du tranchant).<\/li><li>Dommages caus\u00e9s par un stockage ou une manipulation inappropri\u00e9s.<\/li><li>Produits modifi\u00e9s ou alt\u00e9r\u00e9s de quelque fa\u00e7on que ce soit.<\/li><\/ol><p>\u00a0<\/p><p>Pour faire une r\u00e9clamation au titre de la garantie, veuillez nous contacter en nous fournissant une preuve d&#039;achat et une description du d\u00e9faut. Nous \u00e9valuerons la r\u00e9clamation et, si elle est fond\u00e9e, r\u00e9parerons ou remplacerons le produit d\u00e9fectueux \u00e0 notre discr\u00e9tion.<\/p>\t\t\t\t\t\t\t\t<\/div>\n\t\t\t\t<\/div>\n\t\t\t\t<div class=\"elementor-element elementor-element-d0769d8 elementor-widget elementor-widget-text-editor\" data-id=\"d0769d8\" data-element_type=\"widget\" data-e-type=\"widget\" data-widget_type=\"text-editor.default\">\n\t\t\t\t<div class=\"elementor-widget-container\">\n\t\t\t\t\t\t\t\t\t<p>Vous avez encore des questions ?<\/p>\t\t\t\t\t\t\t\t<\/div>\n\t\t\t\t<\/div>\n\t\t\t\t<div class=\"elementor-element elementor-element-3d9f622 elementor-align-center elementor-widget elementor-widget-button\" data-id=\"3d9f622\" data-element_type=\"widget\" data-e-type=\"widget\" data-widget_type=\"button.default\">\n\t\t\t\t<div class=\"elementor-widget-container\">\n\t\t\t\t\t\t\t\t\t<div class=\"elementor-button-wrapper\">\n\t\t\t\t\t<a class=\"elementor-button elementor-button-link elementor-size-sm\" href=\"https:\/\/www.retopz.com\/fr\/contact\/\" target=\"_blank\">\n\t\t\t\t\t\t<span class=\"elementor-button-content-wrapper\">\n\t\t\t\t\t\t\t\t\t<span class=\"elementor-button-text\">Contactez-nous maintenant!<\/span>\n\t\t\t\t\t<\/span>\n\t\t\t\t\t<\/a>\n\t\t\t\t<\/div>\n\t\t\t\t\t\t\t\t<\/div>\n\t\t\t\t<\/div>\n\t\t\t\t\t<\/div>\n\t\t\t\t<\/div>\n\t\t\t\t<\/div>","protected":false},"excerpt":{"rendered":"<p>Warranty Policy Our tungsten carbide products are manufactured using 100% raw materials and rigorous quality control measures. We warrant our products against defects in materials and workmanship under normal use and service.\u00a0 This warranty covers defects related to: Retop Carbide shall provide the products dimensions are exactly according to the drawings Retop carbide shall guarantee [&hellip;]<\/p>\n","protected":false},"author":1,"featured_media":0,"parent":0,"menu_order":0,"comment_status":"closed","ping_status":"closed","template":"","meta":{"footnotes":""},"class_list":["post-2140","page","type-page","status-publish","hentry"],"yoast_head":"<!-- This site is optimized with the Yoast SEO Premium plugin v25.8 (Yoast SEO v27.5) - https:\/\/yoast.com\/product\/yoast-seo-premium-wordpress\/ -->\n<title>Warranty Policy - Retop Carbide<\/title>\n<meta name=\"robots\" content=\"index, follow, max-snippet:-1, max-image-preview:large, max-video-preview:-1\" \/>\n<link rel=\"canonical\" href=\"https:\/\/www.retopz.com\/fr\/warranty-policy\/\" \/>\n<meta property=\"og:locale\" content=\"fr_FR\" \/>\n<meta property=\"og:type\" content=\"article\" \/>\n<meta property=\"og:title\" content=\"Warranty Policy\" \/>\n<meta property=\"og:description\" content=\"Warranty Policy Our tungsten carbide products are manufactured using 100% raw materials and rigorous quality control measures. We warrant our products against defects in materials and workmanship under normal use and service.\u00a0 This warranty covers defects related to: Retop Carbide shall provide the products dimensions are exactly according to the drawings Retop carbide shall guarantee [&hellip;]\" \/>\n<meta property=\"og:url\" content=\"https:\/\/www.retopz.com\/fr\/warranty-policy\/\" \/>\n<meta property=\"og:site_name\" content=\"Retop Carbide\" \/>\n<meta property=\"article:modified_time\" content=\"2024-12-31T02:42:46+00:00\" \/>\n<meta name=\"twitter:card\" content=\"summary_large_image\" \/>\n<meta name=\"twitter:label1\" content=\"Dur\u00e9e de lecture estim\u00e9e\" \/>\n\t<meta name=\"twitter:data1\" content=\"1 minute\" \/>\n<script type=\"application\/ld+json\" class=\"yoast-schema-graph\">{\"@context\":\"https:\\\/\\\/schema.org\",\"@graph\":[{\"@type\":\"WebPage\",\"@id\":\"https:\\\/\\\/www.retopz.com\\\/warranty-policy\\\/\",\"url\":\"https:\\\/\\\/www.retopz.com\\\/warranty-policy\\\/\",\"name\":\"Warranty Policy - Retop Carbide\",\"isPartOf\":{\"@id\":\"https:\\\/\\\/www.retopz.com\\\/#website\"},\"datePublished\":\"2024-12-31T02:37:36+00:00\",\"dateModified\":\"2024-12-31T02:42:46+00:00\",\"breadcrumb\":{\"@id\":\"https:\\\/\\\/www.retopz.com\\\/warranty-policy\\\/#breadcrumb\"},\"inLanguage\":\"fr-FR\",\"potentialAction\":[{\"@type\":\"ReadAction\",\"target\":[\"https:\\\/\\\/www.retopz.com\\\/warranty-policy\\\/\"]}]},{\"@type\":\"BreadcrumbList\",\"@id\":\"https:\\\/\\\/www.retopz.com\\\/warranty-policy\\\/#breadcrumb\",\"itemListElement\":[{\"@type\":\"ListItem\",\"position\":1,\"name\":\"Home\",\"item\":\"https:\\\/\\\/www.retopz.com\\\/\"},{\"@type\":\"ListItem\",\"position\":2,\"name\":\"Warranty Policy\"}]},{\"@type\":\"WebSite\",\"@id\":\"https:\\\/\\\/www.retopz.com\\\/#website\",\"url\":\"https:\\\/\\\/www.retopz.com\\\/\",\"name\":\"Retop Carbide\",\"description\":\"Tungsten Carbide Manufacturer\",\"publisher\":{\"@id\":\"https:\\\/\\\/www.retopz.com\\\/#organization\"},\"potentialAction\":[{\"@type\":\"SearchAction\",\"target\":{\"@type\":\"EntryPoint\",\"urlTemplate\":\"https:\\\/\\\/www.retopz.com\\\/?s={search_term_string}\"},\"query-input\":{\"@type\":\"PropertyValueSpecification\",\"valueRequired\":true,\"valueName\":\"search_term_string\"}}],\"inLanguage\":\"fr-FR\"},{\"@type\":\"Organization\",\"@id\":\"https:\\\/\\\/www.retopz.com\\\/#organization\",\"name\":\"Retop Carbide\",\"url\":\"https:\\\/\\\/www.retopz.com\\\/\",\"logo\":{\"@type\":\"ImageObject\",\"inLanguage\":\"fr-FR\",\"@id\":\"https:\\\/\\\/www.retopz.com\\\/#\\\/schema\\\/logo\\\/image\\\/\",\"url\":\"https:\\\/\\\/www.retopz.com\\\/wp-content\\\/uploads\\\/2024\\\/11\\\/retop.png\",\"contentUrl\":\"https:\\\/\\\/www.retopz.com\\\/wp-content\\\/uploads\\\/2024\\\/11\\\/retop.png\",\"width\":549,\"height\":326,\"caption\":\"Retop Carbide\"},\"image\":{\"@id\":\"https:\\\/\\\/www.retopz.com\\\/#\\\/schema\\\/logo\\\/image\\\/\"}}]}<\/script>\n<!-- \/ Yoast SEO Premium plugin. -->","yoast_head_json":{"title":"Warranty Policy - Retop Carbide","robots":{"index":"index","follow":"follow","max-snippet":"max-snippet:-1","max-image-preview":"max-image-preview:large","max-video-preview":"max-video-preview:-1"},"canonical":"https:\/\/www.retopz.com\/fr\/warranty-policy\/","og_locale":"fr_FR","og_type":"article","og_title":"Warranty Policy","og_description":"Warranty Policy Our tungsten carbide products are manufactured using 100% raw materials and rigorous quality control measures. We warrant our products against defects in materials and workmanship under normal use and service.\u00a0 This warranty covers defects related to: Retop Carbide shall provide the products dimensions are exactly according to the drawings Retop carbide shall guarantee [&hellip;]","og_url":"https:\/\/www.retopz.com\/fr\/warranty-policy\/","og_site_name":"Retop Carbide","article_modified_time":"2024-12-31T02:42:46+00:00","twitter_card":"summary_large_image","twitter_misc":{"Dur\u00e9e de lecture estim\u00e9e":"1 minute"},"schema":{"@context":"https:\/\/schema.org","@graph":[{"@type":"WebPage","@id":"https:\/\/www.retopz.com\/warranty-policy\/","url":"https:\/\/www.retopz.com\/warranty-policy\/","name":"Warranty Policy - Retop Carbide","isPartOf":{"@id":"https:\/\/www.retopz.com\/#website"},"datePublished":"2024-12-31T02:37:36+00:00","dateModified":"2024-12-31T02:42:46+00:00","breadcrumb":{"@id":"https:\/\/www.retopz.com\/warranty-policy\/#breadcrumb"},"inLanguage":"fr-FR","potentialAction":[{"@type":"ReadAction","target":["https:\/\/www.retopz.com\/warranty-policy\/"]}]},{"@type":"BreadcrumbList","@id":"https:\/\/www.retopz.com\/warranty-policy\/#breadcrumb","itemListElement":[{"@type":"ListItem","position":1,"name":"Home","item":"https:\/\/www.retopz.com\/"},{"@type":"ListItem","position":2,"name":"Warranty Policy"}]},{"@type":"WebSite","@id":"https:\/\/www.retopz.com\/#website","url":"https:\/\/www.retopz.com\/","name":"Carbure de r\u00e9usinage","description":"Fabricant de carbure de tungst\u00e8ne","publisher":{"@id":"https:\/\/www.retopz.com\/#organization"},"potentialAction":[{"@type":"SearchAction","target":{"@type":"EntryPoint","urlTemplate":"https:\/\/www.retopz.com\/?s={search_term_string}"},"query-input":{"@type":"PropertyValueSpecification","valueRequired":true,"valueName":"search_term_string"}}],"inLanguage":"fr-FR"},{"@type":"Organization","@id":"https:\/\/www.retopz.com\/#organization","name":"Carbure de r\u00e9usinage","url":"https:\/\/www.retopz.com\/","logo":{"@type":"ImageObject","inLanguage":"fr-FR","@id":"https:\/\/www.retopz.com\/#\/schema\/logo\/image\/","url":"https:\/\/www.retopz.com\/wp-content\/uploads\/2024\/11\/retop.png","contentUrl":"https:\/\/www.retopz.com\/wp-content\/uploads\/2024\/11\/retop.png","width":549,"height":326,"caption":"Retop Carbide"},"image":{"@id":"https:\/\/www.retopz.com\/#\/schema\/logo\/image\/"}}]}},"_links":{"self":[{"href":"https:\/\/www.retopz.com\/fr\/wp-json\/wp\/v2\/pages\/2140","targetHints":{"allow":["GET"]}}],"collection":[{"href":"https:\/\/www.retopz.com\/fr\/wp-json\/wp\/v2\/pages"}],"about":[{"href":"https:\/\/www.retopz.com\/fr\/wp-json\/wp\/v2\/types\/page"}],"author":[{"embeddable":true,"href":"https:\/\/www.retopz.com\/fr\/wp-json\/wp\/v2\/users\/1"}],"replies":[{"embeddable":true,"href":"https:\/\/www.retopz.com\/fr\/wp-json\/wp\/v2\/comments?post=2140"}],"version-history":[{"count":7,"href":"https:\/\/www.retopz.com\/fr\/wp-json\/wp\/v2\/pages\/2140\/revisions"}],"predecessor-version":[{"id":2148,"href":"https:\/\/www.retopz.com\/fr\/wp-json\/wp\/v2\/pages\/2140\/revisions\/2148"}],"wp:attachment":[{"href":"https:\/\/www.retopz.com\/fr\/wp-json\/wp\/v2\/media?parent=2140"}],"curies":[{"name":"wp","href":"https:\/\/api.w.org\/{rel}","templated":true}]}}