{"id":2152,"date":"2024-12-31T02:44:49","date_gmt":"2024-12-31T02:44:49","guid":{"rendered":"https:\/\/www.retopz.com\/?page_id=2152"},"modified":"2024-12-31T02:53:07","modified_gmt":"2024-12-31T02:53:07","slug":"payment-methods-accepted-by-retop","status":"publish","type":"page","link":"https:\/\/www.retopz.com\/fr\/payment-methods-accepted-by-retop\/","title":{"rendered":"M\u00e9thodes de paiement accept\u00e9es par Retop"},"content":{"rendered":"<div data-elementor-type=\"wp-page\" data-elementor-id=\"2152\" class=\"elementor elementor-2152\" data-elementor-post-type=\"page\">\n\t\t\t\t<div class=\"elementor-element elementor-element-a9f8c55 e-flex e-con-boxed e-con e-parent\" data-id=\"a9f8c55\" data-element_type=\"container\" data-e-type=\"container\">\n\t\t\t\t\t<div class=\"e-con-inner\">\n\t\t\t\t<div class=\"elementor-element elementor-element-4702ec4 elementor-widget elementor-widget-heading\" data-id=\"4702ec4\" data-element_type=\"widget\" data-e-type=\"widget\" data-widget_type=\"heading.default\">\n\t\t\t\t<div class=\"elementor-widget-container\">\n\t\t\t\t\t<h1 class=\"elementor-heading-title elementor-size-default\">M\u00e9thodes de paiement accept\u00e9es par Retop Carbide<\/h1>\t\t\t\t<\/div>\n\t\t\t\t<\/div>\n\t\t\t\t<div class=\"elementor-element elementor-element-2422de5 elementor-widget elementor-widget-text-editor\" data-id=\"2422de5\" data-element_type=\"widget\" data-e-type=\"widget\" data-widget_type=\"text-editor.default\">\n\t\t\t\t<div class=\"elementor-widget-container\">\n\t\t\t\t\t\t\t\t\t<p>Les modes de paiement officiels accept\u00e9s par Retop Carbide sont r\u00e9pertori\u00e9s ci-dessous. Si vous avez des questions sur les paiements ou si quelqu&#039;un propose d&#039;autres informations de paiement qui ne sont pas r\u00e9pertori\u00e9es ici, veuillez envoyer un e-mail \u00e0 <span style=\"color: #ff0000;\"><strong><span \n                data-original-string='kABCnoAkzaGyed4UOjp7oA==c14UgtmfLJQApT78WQBbvOLCw=='\n                class='apbct-email-encoder'\n                title='Ce contact a \u00e9t\u00e9 encod\u00e9 par Anti-Spam de CleanTalk. Cliquez pour d\u00e9coder. Pour terminer le d\u00e9codage assurez-vous que JavaScript est activ\u00e9 dans votre navigateur.'>dans<span class=\"apbct-blur\">**<\/span>@<span class=\"apbct-blur\">****<\/span>pz.com<\/span><\/strong><\/span> pour confirmation suppl\u00e9mentaire.<\/p><p><span style=\"text-decoration: underline;\">Cette page a \u00e9t\u00e9 mise \u00e0 jour le 1er janvier 2025.<\/span><\/p><p>\u00a0<\/p><hr \/><p>\u00a0<\/p><h2><strong>1. Virement bancaire<\/strong><\/h2><p>Nous acceptons principalement le virement bancaire comme mode de paiement, qui est la m\u00e9thode la plus courante dans le commerce international et qui pr\u00e9sente les frais de transfert les plus bas (20 \u00e0 40 USD pour tout montant de paiement en USD, selon la banque).<\/p><p><strong>Nom du compte:<\/strong> ZHUZHOU RETOP CARBIDE CO., LTD<\/p><p><strong>Num\u00e9ro de compte:<\/strong> 1903 0208 1920 0112 674<\/p><p><strong>Adresse du b\u00e9n\u00e9ficiaire :<\/strong> LANXIGU, DISTRICT DE TIANYUAN, ZHUZHOU, HUNAN, RP CHINE<\/p><p><strong>Banque\/succursale r\u00e9ceptrice :<\/strong> BANQUE INDUSTRIELLE ET COMMERCIALE DE CHINE, SUCCURSALE DU HUNAN, SUCCURSALE DE ZHUZHOU<\/p><p><strong>Code SWIFT de la banque r\u00e9ceptrice\u00a0:<\/strong> ICBKCNBJHUN<\/p><p>Nous prenons en charge les principales devises suivantes pour le paiement : RMB, USD, HKD, EUR, etc.<\/p>\t\t\t\t\t\t\t\t<\/div>\n\t\t\t\t<\/div>\n\t\t\t\t<div class=\"elementor-element elementor-element-560a154 elementor-widget elementor-widget-text-editor\" data-id=\"560a154\" data-element_type=\"widget\" data-e-type=\"widget\" data-widget_type=\"text-editor.default\">\n\t\t\t\t<div class=\"elementor-widget-container\">\n\t\t\t\t\t\t\t\t\t<p>Vous avez encore des questions ?<\/p>\t\t\t\t\t\t\t\t<\/div>\n\t\t\t\t<\/div>\n\t\t\t\t<div class=\"elementor-element elementor-element-263345a elementor-align-center elementor-widget elementor-widget-button\" data-id=\"263345a\" data-element_type=\"widget\" data-e-type=\"widget\" data-widget_type=\"button.default\">\n\t\t\t\t<div class=\"elementor-widget-container\">\n\t\t\t\t\t\t\t\t\t<div class=\"elementor-button-wrapper\">\n\t\t\t\t\t<a class=\"elementor-button elementor-button-link elementor-size-sm\" href=\"https:\/\/www.retopz.com\/fr\/contact\/\" target=\"_blank\">\n\t\t\t\t\t\t<span class=\"elementor-button-content-wrapper\">\n\t\t\t\t\t\t\t\t\t<span class=\"elementor-button-text\">Contactez-nous maintenant!<\/span>\n\t\t\t\t\t<\/span>\n\t\t\t\t\t<\/a>\n\t\t\t\t<\/div>\n\t\t\t\t\t\t\t\t<\/div>\n\t\t\t\t<\/div>\n\t\t\t\t\t<\/div>\n\t\t\t\t<\/div>\n\t\t\t\t<\/div>","protected":false},"excerpt":{"rendered":"<p>Payment Methods Accepted by Retop Carbide The official payment methods that Retop Carbide accepts are listed in the following. If you have any questions about payments, or someone offers other payment information which is not listed here, please send an email to in**@****pz.com for further confirmation. This page was updated on 1th January. 2025. \u00a0 [&hellip;]<\/p>\n","protected":false},"author":1,"featured_media":0,"parent":0,"menu_order":0,"comment_status":"closed","ping_status":"closed","template":"","meta":{"footnotes":""},"class_list":["post-2152","page","type-page","status-publish","hentry"],"yoast_head":"<!-- This site is optimized with the Yoast SEO Premium plugin v25.8 (Yoast SEO v27.5) - https:\/\/yoast.com\/product\/yoast-seo-premium-wordpress\/ -->\n<title>Payment Methods Accepted by Retop - Retop Carbide<\/title>\n<meta name=\"robots\" content=\"index, follow, max-snippet:-1, max-image-preview:large, max-video-preview:-1\" \/>\n<link rel=\"canonical\" href=\"https:\/\/www.retopz.com\/fr\/payment-methods-accepted-by-retop\/\" \/>\n<meta property=\"og:locale\" content=\"fr_FR\" \/>\n<meta property=\"og:type\" content=\"article\" \/>\n<meta property=\"og:title\" content=\"Payment Methods Accepted by Retop\" \/>\n<meta property=\"og:description\" content=\"Payment Methods Accepted by Retop Carbide The official payment methods that Retop Carbide accepts are listed in the following. If you have any questions about payments, or someone offers other payment information which is not listed here, please send an email to in**@****pz.com for further confirmation. This page was updated on 1th January. 2025. \u00a0 [&hellip;]\" \/>\n<meta property=\"og:url\" content=\"https:\/\/www.retopz.com\/fr\/payment-methods-accepted-by-retop\/\" \/>\n<meta property=\"og:site_name\" content=\"Retop Carbide\" \/>\n<meta property=\"article:modified_time\" content=\"2024-12-31T02:53:07+00:00\" \/>\n<meta name=\"twitter:card\" content=\"summary_large_image\" \/>\n<meta name=\"twitter:label1\" content=\"Dur\u00e9e de lecture estim\u00e9e\" \/>\n\t<meta name=\"twitter:data1\" content=\"1 minute\" \/>\n<script type=\"application\/ld+json\" class=\"yoast-schema-graph\">{\"@context\":\"https:\\\/\\\/schema.org\",\"@graph\":[{\"@type\":\"WebPage\",\"@id\":\"https:\\\/\\\/www.retopz.com\\\/payment-methods-accepted-by-retop\\\/\",\"url\":\"https:\\\/\\\/www.retopz.com\\\/payment-methods-accepted-by-retop\\\/\",\"name\":\"Payment Methods Accepted by Retop - Retop Carbide\",\"isPartOf\":{\"@id\":\"https:\\\/\\\/www.retopz.com\\\/#website\"},\"datePublished\":\"2024-12-31T02:44:49+00:00\",\"dateModified\":\"2024-12-31T02:53:07+00:00\",\"breadcrumb\":{\"@id\":\"https:\\\/\\\/www.retopz.com\\\/payment-methods-accepted-by-retop\\\/#breadcrumb\"},\"inLanguage\":\"fr-FR\",\"potentialAction\":[{\"@type\":\"ReadAction\",\"target\":[\"https:\\\/\\\/www.retopz.com\\\/payment-methods-accepted-by-retop\\\/\"]}]},{\"@type\":\"BreadcrumbList\",\"@id\":\"https:\\\/\\\/www.retopz.com\\\/payment-methods-accepted-by-retop\\\/#breadcrumb\",\"itemListElement\":[{\"@type\":\"ListItem\",\"position\":1,\"name\":\"Home\",\"item\":\"https:\\\/\\\/www.retopz.com\\\/\"},{\"@type\":\"ListItem\",\"position\":2,\"name\":\"Payment Methods Accepted by Retop\"}]},{\"@type\":\"WebSite\",\"@id\":\"https:\\\/\\\/www.retopz.com\\\/#website\",\"url\":\"https:\\\/\\\/www.retopz.com\\\/\",\"name\":\"Retop Carbide\",\"description\":\"Tungsten Carbide Manufacturer\",\"publisher\":{\"@id\":\"https:\\\/\\\/www.retopz.com\\\/#organization\"},\"potentialAction\":[{\"@type\":\"SearchAction\",\"target\":{\"@type\":\"EntryPoint\",\"urlTemplate\":\"https:\\\/\\\/www.retopz.com\\\/?s={search_term_string}\"},\"query-input\":{\"@type\":\"PropertyValueSpecification\",\"valueRequired\":true,\"valueName\":\"search_term_string\"}}],\"inLanguage\":\"fr-FR\"},{\"@type\":\"Organization\",\"@id\":\"https:\\\/\\\/www.retopz.com\\\/#organization\",\"name\":\"Retop Carbide\",\"url\":\"https:\\\/\\\/www.retopz.com\\\/\",\"logo\":{\"@type\":\"ImageObject\",\"inLanguage\":\"fr-FR\",\"@id\":\"https:\\\/\\\/www.retopz.com\\\/#\\\/schema\\\/logo\\\/image\\\/\",\"url\":\"https:\\\/\\\/www.retopz.com\\\/wp-content\\\/uploads\\\/2024\\\/11\\\/retop.png\",\"contentUrl\":\"https:\\\/\\\/www.retopz.com\\\/wp-content\\\/uploads\\\/2024\\\/11\\\/retop.png\",\"width\":549,\"height\":326,\"caption\":\"Retop Carbide\"},\"image\":{\"@id\":\"https:\\\/\\\/www.retopz.com\\\/#\\\/schema\\\/logo\\\/image\\\/\"}}]}<\/script>\n<!-- \/ Yoast SEO Premium plugin. -->","yoast_head_json":{"title":"Payment Methods Accepted by Retop - Retop Carbide","robots":{"index":"index","follow":"follow","max-snippet":"max-snippet:-1","max-image-preview":"max-image-preview:large","max-video-preview":"max-video-preview:-1"},"canonical":"https:\/\/www.retopz.com\/fr\/payment-methods-accepted-by-retop\/","og_locale":"fr_FR","og_type":"article","og_title":"Payment Methods Accepted by Retop","og_description":"Payment Methods Accepted by Retop Carbide The official payment methods that Retop Carbide accepts are listed in the following. If you have any questions about payments, or someone offers other payment information which is not listed here, please send an email to in**@****pz.com for further confirmation. This page was updated on 1th January. 2025. \u00a0 [&hellip;]","og_url":"https:\/\/www.retopz.com\/fr\/payment-methods-accepted-by-retop\/","og_site_name":"Retop Carbide","article_modified_time":"2024-12-31T02:53:07+00:00","twitter_card":"summary_large_image","twitter_misc":{"Dur\u00e9e de lecture estim\u00e9e":"1 minute"},"schema":{"@context":"https:\/\/schema.org","@graph":[{"@type":"WebPage","@id":"https:\/\/www.retopz.com\/payment-methods-accepted-by-retop\/","url":"https:\/\/www.retopz.com\/payment-methods-accepted-by-retop\/","name":"Payment Methods Accepted by Retop - Retop Carbide","isPartOf":{"@id":"https:\/\/www.retopz.com\/#website"},"datePublished":"2024-12-31T02:44:49+00:00","dateModified":"2024-12-31T02:53:07+00:00","breadcrumb":{"@id":"https:\/\/www.retopz.com\/payment-methods-accepted-by-retop\/#breadcrumb"},"inLanguage":"fr-FR","potentialAction":[{"@type":"ReadAction","target":["https:\/\/www.retopz.com\/payment-methods-accepted-by-retop\/"]}]},{"@type":"BreadcrumbList","@id":"https:\/\/www.retopz.com\/payment-methods-accepted-by-retop\/#breadcrumb","itemListElement":[{"@type":"ListItem","position":1,"name":"Home","item":"https:\/\/www.retopz.com\/"},{"@type":"ListItem","position":2,"name":"Payment Methods Accepted by Retop"}]},{"@type":"WebSite","@id":"https:\/\/www.retopz.com\/#website","url":"https:\/\/www.retopz.com\/","name":"Carbure de r\u00e9usinage","description":"Fabricant de carbure de tungst\u00e8ne","publisher":{"@id":"https:\/\/www.retopz.com\/#organization"},"potentialAction":[{"@type":"SearchAction","target":{"@type":"EntryPoint","urlTemplate":"https:\/\/www.retopz.com\/?s={search_term_string}"},"query-input":{"@type":"PropertyValueSpecification","valueRequired":true,"valueName":"search_term_string"}}],"inLanguage":"fr-FR"},{"@type":"Organization","@id":"https:\/\/www.retopz.com\/#organization","name":"Carbure de r\u00e9usinage","url":"https:\/\/www.retopz.com\/","logo":{"@type":"ImageObject","inLanguage":"fr-FR","@id":"https:\/\/www.retopz.com\/#\/schema\/logo\/image\/","url":"https:\/\/www.retopz.com\/wp-content\/uploads\/2024\/11\/retop.png","contentUrl":"https:\/\/www.retopz.com\/wp-content\/uploads\/2024\/11\/retop.png","width":549,"height":326,"caption":"Retop Carbide"},"image":{"@id":"https:\/\/www.retopz.com\/#\/schema\/logo\/image\/"}}]}},"_links":{"self":[{"href":"https:\/\/www.retopz.com\/fr\/wp-json\/wp\/v2\/pages\/2152","targetHints":{"allow":["GET"]}}],"collection":[{"href":"https:\/\/www.retopz.com\/fr\/wp-json\/wp\/v2\/pages"}],"about":[{"href":"https:\/\/www.retopz.com\/fr\/wp-json\/wp\/v2\/types\/page"}],"author":[{"embeddable":true,"href":"https:\/\/www.retopz.com\/fr\/wp-json\/wp\/v2\/users\/1"}],"replies":[{"embeddable":true,"href":"https:\/\/www.retopz.com\/fr\/wp-json\/wp\/v2\/comments?post=2152"}],"version-history":[{"count":13,"href":"https:\/\/www.retopz.com\/fr\/wp-json\/wp\/v2\/pages\/2152\/revisions"}],"predecessor-version":[{"id":2166,"href":"https:\/\/www.retopz.com\/fr\/wp-json\/wp\/v2\/pages\/2152\/revisions\/2166"}],"wp:attachment":[{"href":"https:\/\/www.retopz.com\/fr\/wp-json\/wp\/v2\/media?parent=2152"}],"curies":[{"name":"wp","href":"https:\/\/api.w.org\/{rel}","templated":true}]}}