{"id":2152,"date":"2024-12-31T02:44:49","date_gmt":"2024-12-31T02:44:49","guid":{"rendered":"https:\/\/www.retopz.com\/?page_id=2152"},"modified":"2024-12-31T02:53:07","modified_gmt":"2024-12-31T02:53:07","slug":"payment-methods-accepted-by-retop","status":"publish","type":"page","link":"https:\/\/www.retopz.com\/vi\/payment-methods-accepted-by-retop\/","title":{"rendered":"Ph\u01b0\u01a1ng th\u1ee9c thanh to\u00e1n \u0111\u01b0\u1ee3c Retop ch\u1ea5p nh\u1eadn"},"content":{"rendered":"<div data-elementor-type=\"wp-page\" data-elementor-id=\"2152\" class=\"elementor elementor-2152\" data-elementor-post-type=\"page\">\n\t\t\t\t<div class=\"elementor-element elementor-element-a9f8c55 e-flex e-con-boxed e-con e-parent\" data-id=\"a9f8c55\" data-element_type=\"container\" data-e-type=\"container\">\n\t\t\t\t\t<div class=\"e-con-inner\">\n\t\t\t\t<div class=\"elementor-element elementor-element-4702ec4 elementor-widget elementor-widget-heading\" data-id=\"4702ec4\" data-element_type=\"widget\" data-e-type=\"widget\" data-widget_type=\"heading.default\">\n\t\t\t\t<div class=\"elementor-widget-container\">\n\t\t\t\t\t<h1 class=\"elementor-heading-title elementor-size-default\">Ph\u01b0\u01a1ng th\u1ee9c thanh to\u00e1n \u0111\u01b0\u1ee3c Retop Carbide ch\u1ea5p nh\u1eadn<\/h1>\t\t\t\t<\/div>\n\t\t\t\t<\/div>\n\t\t\t\t<div class=\"elementor-element elementor-element-2422de5 elementor-widget elementor-widget-text-editor\" data-id=\"2422de5\" data-element_type=\"widget\" data-e-type=\"widget\" data-widget_type=\"text-editor.default\">\n\t\t\t\t<div class=\"elementor-widget-container\">\n\t\t\t\t\t\t\t\t\t<p>C\u00e1c ph\u01b0\u01a1ng th\u1ee9c thanh to\u00e1n ch\u00ednh th\u1ee9c m\u00e0 Retop Carbide ch\u1ea5p nh\u1eadn \u0111\u01b0\u1ee3c li\u1ec7t k\u00ea d\u01b0\u1edbi \u0111\u00e2y. N\u1ebfu b\u1ea1n c\u00f3 b\u1ea5t k\u1ef3 th\u1eafc m\u1eafc n\u00e0o v\u1ec1 thanh to\u00e1n, ho\u1eb7c n\u1ebfu ai \u0111\u00f3 cung c\u1ea5p th\u00f4ng tin thanh to\u00e1n kh\u00e1c kh\u00f4ng \u0111\u01b0\u1ee3c li\u1ec7t k\u00ea \u1edf \u0111\u00e2y, vui l\u00f2ng g\u1eedi email \u0111\u1ebfn <span style=\"color: #ff0000;\"><strong><span \n                data-original-string='a+YlEPaJlQeXP4Dyo9C7bA==c14bdCAMAQ4D8VWluDok\/EJtQ=='\n                class='apbct-email-encoder'\n                title='Li\u00ean h\u1ec7 n\u00e0y \u0111\u00e3 \u0111\u01b0\u1ee3c m\u00e3 h\u00f3a b\u1eb1ng Anti-Spam c\u1ee7a CleanTalk. Nh\u1ea5p \u0111\u1ec3 gi\u1ea3i m\u00e3. \u0110\u1ec3 ho\u00e0n t\u1ea5t vi\u1ec7c gi\u1ea3i m\u00e3, h\u00e3y \u0111\u1ea3m b\u1ea3o JavaScript \u0111\u00e3 \u0111\u01b0\u1ee3c b\u1eadt trong tr\u00ecnh duy\u1ec7t c\u1ee7a b\u1ea1n.'>TRONG<span class=\"apbct-blur\">**<\/span>@<span class=\"apbct-blur\">****<\/span>pz.com<\/span><\/strong><\/span> \u0111\u1ec3 x\u00e1c nh\u1eadn th\u00eam.<\/p><p><span style=\"text-decoration: underline;\">Trang n\u00e0y \u0111\u01b0\u1ee3c c\u1eadp nh\u1eadt v\u00e0o ng\u00e0y 1 th\u00e1ng 1 n\u0103m 2025.<\/span><\/p><p>\u00a0<\/p><hr \/><p>\u00a0<\/p><h2><strong>1. Chuy\u1ec3n kho\u1ea3n ng\u00e2n h\u00e0ng<\/strong><\/h2><p>Ch\u00fang t\u00f4i ch\u1ee7 y\u1ebfu ch\u1ea5p nh\u1eadn chuy\u1ec3n kho\u1ea3n ng\u00e2n h\u00e0ng l\u00e0m ph\u01b0\u01a1ng th\u1ee9c thanh to\u00e1n, \u0111\u00e2y l\u00e0 ph\u01b0\u01a1ng th\u1ee9c ph\u1ed5 bi\u1ebfn nh\u1ea5t trong th\u01b0\u01a1ng m\u1ea1i qu\u1ed1c t\u1ebf v\u00e0 c\u00f3 ph\u00ed chuy\u1ec3n kho\u1ea3n th\u1ea5p nh\u1ea5t (20-40 USD cho b\u1ea5t k\u1ef3 s\u1ed1 ti\u1ec1n thanh to\u00e1n b\u1eb1ng USD n\u00e0o, t\u00f9y thu\u1ed9c v\u00e0o ng\u00e2n h\u00e0ng).<\/p><p><strong>T\u00ean t\u00e0i kho\u1ea3n:<\/strong> C\u00d4NG TY TNHH CARBIDE CH\u00c2U CH\u00c2U RETOP<\/p><p><strong>S\u1ed1 t\u00e0i kho\u1ea3n:<\/strong> 1903 0208 1920 0112 674<\/p><p><strong>\u0110\u1ecba ch\u1ec9 ng\u01b0\u1eddi nh\u1eadn thanh to\u00e1n:<\/strong> LANXIGU, QU\u1eacN TIANYUAN, Chu Ch\u00e2u, HUNAN, PR TRUNG QU\u1ed0C<\/p><p><strong>Ng\u00e2n h\u00e0ng\/Chi nh\u00e1nh nh\u1eadn ti\u1ec1n:<\/strong> NG\u00c2N H\u00c0NG C\u00d4NG TH\u01af\u01a0NG M\u1ea0I TRUNG QU\u1ed0C, CHI NH\u00c1NH H\u1ed2 NAM, CHI NH\u00c1NH CHU CH\u00c2U<\/p><p><strong>M\u00e3 SWIFT c\u1ee7a Ng\u00e2n h\u00e0ng nh\u1eadn:<\/strong> ICBKCNBJHUN<\/p><p>Ch\u00fang t\u00f4i h\u1ed7 tr\u1ee3 c\u00e1c lo\u1ea1i ti\u1ec1n t\u1ec7 ch\u00ednh sau \u0111\u00e2y \u0111\u1ec3 thanh to\u00e1n: RMB, USD, HKD, EUR, v.v.<\/p>\t\t\t\t\t\t\t\t<\/div>\n\t\t\t\t<\/div>\n\t\t\t\t<div class=\"elementor-element elementor-element-560a154 elementor-widget elementor-widget-text-editor\" data-id=\"560a154\" data-element_type=\"widget\" data-e-type=\"widget\" data-widget_type=\"text-editor.default\">\n\t\t\t\t<div class=\"elementor-widget-container\">\n\t\t\t\t\t\t\t\t\t<p>B\u1ea1n v\u1eabn c\u00f2n th\u1eafc m\u1eafc?<\/p>\t\t\t\t\t\t\t\t<\/div>\n\t\t\t\t<\/div>\n\t\t\t\t<div class=\"elementor-element elementor-element-263345a elementor-align-center elementor-widget elementor-widget-button\" data-id=\"263345a\" data-element_type=\"widget\" data-e-type=\"widget\" data-widget_type=\"button.default\">\n\t\t\t\t<div class=\"elementor-widget-container\">\n\t\t\t\t\t\t\t\t\t<div class=\"elementor-button-wrapper\">\n\t\t\t\t\t<a class=\"elementor-button elementor-button-link elementor-size-sm\" href=\"https:\/\/www.retopz.com\/vi\/contact\/\" target=\"_blank\">\n\t\t\t\t\t\t<span class=\"elementor-button-content-wrapper\">\n\t\t\t\t\t\t\t\t\t<span class=\"elementor-button-text\">Li\u00ean h\u1ec7 v\u1edbi ch\u00fang t\u00f4i ngay!<\/span>\n\t\t\t\t\t<\/span>\n\t\t\t\t\t<\/a>\n\t\t\t\t<\/div>\n\t\t\t\t\t\t\t\t<\/div>\n\t\t\t\t<\/div>\n\t\t\t\t\t<\/div>\n\t\t\t\t<\/div>\n\t\t\t\t<\/div>","protected":false},"excerpt":{"rendered":"<p>Payment Methods Accepted by Retop Carbide The official payment methods that Retop Carbide accepts are listed in the following. If you have any questions about payments, or someone offers other payment information which is not listed here, please send an email to in**@****pz.com for further confirmation. This page was updated on 1th January. 2025. \u00a0 [&hellip;]<\/p>\n","protected":false},"author":1,"featured_media":0,"parent":0,"menu_order":0,"comment_status":"closed","ping_status":"closed","template":"","meta":{"footnotes":""},"class_list":["post-2152","page","type-page","status-publish","hentry"],"yoast_head":"<!-- This site is optimized with the Yoast SEO Premium plugin v25.8 (Yoast SEO v27.6) - https:\/\/yoast.com\/product\/yoast-seo-premium-wordpress\/ -->\n<title>Payment Methods Accepted by Retop - Retop Carbide<\/title>\n<meta name=\"robots\" content=\"index, follow, max-snippet:-1, max-image-preview:large, max-video-preview:-1\" \/>\n<link rel=\"canonical\" href=\"https:\/\/www.retopz.com\/vi\/payment-methods-accepted-by-retop\/\" \/>\n<meta property=\"og:locale\" content=\"vi_VN\" \/>\n<meta property=\"og:type\" content=\"article\" \/>\n<meta property=\"og:title\" content=\"Payment Methods Accepted by Retop\" \/>\n<meta property=\"og:description\" content=\"Payment Methods Accepted by Retop Carbide The official payment methods that Retop Carbide accepts are listed in the following. If you have any questions about payments, or someone offers other payment information which is not listed here, please send an email to in**@****pz.com for further confirmation. This page was updated on 1th January. 2025. \u00a0 [&hellip;]\" \/>\n<meta property=\"og:url\" content=\"https:\/\/www.retopz.com\/vi\/payment-methods-accepted-by-retop\/\" \/>\n<meta property=\"og:site_name\" content=\"Retop Carbide\" \/>\n<meta property=\"article:modified_time\" content=\"2024-12-31T02:53:07+00:00\" \/>\n<meta name=\"twitter:card\" content=\"summary_large_image\" \/>\n<meta name=\"twitter:label1\" content=\"\u01af\u1edbc t\u00ednh th\u1eddi gian \u0111\u1ecdc\" \/>\n\t<meta name=\"twitter:data1\" content=\"1 ph\u00fat\" \/>\n<script type=\"application\/ld+json\" class=\"yoast-schema-graph\">{\"@context\":\"https:\\\/\\\/schema.org\",\"@graph\":[{\"@type\":\"WebPage\",\"@id\":\"https:\\\/\\\/www.retopz.com\\\/payment-methods-accepted-by-retop\\\/\",\"url\":\"https:\\\/\\\/www.retopz.com\\\/payment-methods-accepted-by-retop\\\/\",\"name\":\"Payment Methods Accepted by Retop - Retop Carbide\",\"isPartOf\":{\"@id\":\"https:\\\/\\\/www.retopz.com\\\/#website\"},\"datePublished\":\"2024-12-31T02:44:49+00:00\",\"dateModified\":\"2024-12-31T02:53:07+00:00\",\"breadcrumb\":{\"@id\":\"https:\\\/\\\/www.retopz.com\\\/payment-methods-accepted-by-retop\\\/#breadcrumb\"},\"inLanguage\":\"vi\",\"potentialAction\":[{\"@type\":\"ReadAction\",\"target\":[\"https:\\\/\\\/www.retopz.com\\\/payment-methods-accepted-by-retop\\\/\"]}]},{\"@type\":\"BreadcrumbList\",\"@id\":\"https:\\\/\\\/www.retopz.com\\\/payment-methods-accepted-by-retop\\\/#breadcrumb\",\"itemListElement\":[{\"@type\":\"ListItem\",\"position\":1,\"name\":\"Home\",\"item\":\"https:\\\/\\\/www.retopz.com\\\/\"},{\"@type\":\"ListItem\",\"position\":2,\"name\":\"Payment Methods Accepted by Retop\"}]},{\"@type\":\"WebSite\",\"@id\":\"https:\\\/\\\/www.retopz.com\\\/#website\",\"url\":\"https:\\\/\\\/www.retopz.com\\\/\",\"name\":\"Retop Carbide\",\"description\":\"Tungsten Carbide Manufacturer\",\"publisher\":{\"@id\":\"https:\\\/\\\/www.retopz.com\\\/#organization\"},\"potentialAction\":[{\"@type\":\"SearchAction\",\"target\":{\"@type\":\"EntryPoint\",\"urlTemplate\":\"https:\\\/\\\/www.retopz.com\\\/?s={search_term_string}\"},\"query-input\":{\"@type\":\"PropertyValueSpecification\",\"valueRequired\":true,\"valueName\":\"search_term_string\"}}],\"inLanguage\":\"vi\"},{\"@type\":\"Organization\",\"@id\":\"https:\\\/\\\/www.retopz.com\\\/#organization\",\"name\":\"Retop Carbide\",\"url\":\"https:\\\/\\\/www.retopz.com\\\/\",\"logo\":{\"@type\":\"ImageObject\",\"inLanguage\":\"vi\",\"@id\":\"https:\\\/\\\/www.retopz.com\\\/#\\\/schema\\\/logo\\\/image\\\/\",\"url\":\"https:\\\/\\\/www.retopz.com\\\/wp-content\\\/uploads\\\/2024\\\/11\\\/retop.png\",\"contentUrl\":\"https:\\\/\\\/www.retopz.com\\\/wp-content\\\/uploads\\\/2024\\\/11\\\/retop.png\",\"width\":549,\"height\":326,\"caption\":\"Retop Carbide\"},\"image\":{\"@id\":\"https:\\\/\\\/www.retopz.com\\\/#\\\/schema\\\/logo\\\/image\\\/\"}}]}<\/script>\n<!-- \/ Yoast SEO Premium plugin. -->","yoast_head_json":{"title":"Payment Methods Accepted by Retop - Retop Carbide","robots":{"index":"index","follow":"follow","max-snippet":"max-snippet:-1","max-image-preview":"max-image-preview:large","max-video-preview":"max-video-preview:-1"},"canonical":"https:\/\/www.retopz.com\/vi\/payment-methods-accepted-by-retop\/","og_locale":"vi_VN","og_type":"article","og_title":"Payment Methods Accepted by Retop","og_description":"Payment Methods Accepted by Retop Carbide The official payment methods that Retop Carbide accepts are listed in the following. If you have any questions about payments, or someone offers other payment information which is not listed here, please send an email to in**@****pz.com for further confirmation. This page was updated on 1th January. 2025. \u00a0 [&hellip;]","og_url":"https:\/\/www.retopz.com\/vi\/payment-methods-accepted-by-retop\/","og_site_name":"Retop Carbide","article_modified_time":"2024-12-31T02:53:07+00:00","twitter_card":"summary_large_image","twitter_misc":{"\u01af\u1edbc t\u00ednh th\u1eddi gian \u0111\u1ecdc":"1 ph\u00fat"},"schema":{"@context":"https:\/\/schema.org","@graph":[{"@type":"WebPage","@id":"https:\/\/www.retopz.com\/payment-methods-accepted-by-retop\/","url":"https:\/\/www.retopz.com\/payment-methods-accepted-by-retop\/","name":"Payment Methods Accepted by Retop - Retop Carbide","isPartOf":{"@id":"https:\/\/www.retopz.com\/#website"},"datePublished":"2024-12-31T02:44:49+00:00","dateModified":"2024-12-31T02:53:07+00:00","breadcrumb":{"@id":"https:\/\/www.retopz.com\/payment-methods-accepted-by-retop\/#breadcrumb"},"inLanguage":"vi","potentialAction":[{"@type":"ReadAction","target":["https:\/\/www.retopz.com\/payment-methods-accepted-by-retop\/"]}]},{"@type":"BreadcrumbList","@id":"https:\/\/www.retopz.com\/payment-methods-accepted-by-retop\/#breadcrumb","itemListElement":[{"@type":"ListItem","position":1,"name":"Home","item":"https:\/\/www.retopz.com\/"},{"@type":"ListItem","position":2,"name":"Payment Methods Accepted by Retop"}]},{"@type":"WebSite","@id":"https:\/\/www.retopz.com\/#website","url":"https:\/\/www.retopz.com\/","name":"Retop Carbide","description":"Nh\u00e0 s\u1ea3n xu\u1ea5t cacbua vonfram","publisher":{"@id":"https:\/\/www.retopz.com\/#organization"},"potentialAction":[{"@type":"SearchAction","target":{"@type":"EntryPoint","urlTemplate":"https:\/\/www.retopz.com\/?s={search_term_string}"},"query-input":{"@type":"PropertyValueSpecification","valueRequired":true,"valueName":"search_term_string"}}],"inLanguage":"vi"},{"@type":"Organization","@id":"https:\/\/www.retopz.com\/#organization","name":"Retop Carbide","url":"https:\/\/www.retopz.com\/","logo":{"@type":"ImageObject","inLanguage":"vi","@id":"https:\/\/www.retopz.com\/#\/schema\/logo\/image\/","url":"https:\/\/www.retopz.com\/wp-content\/uploads\/2024\/11\/retop.png","contentUrl":"https:\/\/www.retopz.com\/wp-content\/uploads\/2024\/11\/retop.png","width":549,"height":326,"caption":"Retop Carbide"},"image":{"@id":"https:\/\/www.retopz.com\/#\/schema\/logo\/image\/"}}]}},"_links":{"self":[{"href":"https:\/\/www.retopz.com\/vi\/wp-json\/wp\/v2\/pages\/2152","targetHints":{"allow":["GET"]}}],"collection":[{"href":"https:\/\/www.retopz.com\/vi\/wp-json\/wp\/v2\/pages"}],"about":[{"href":"https:\/\/www.retopz.com\/vi\/wp-json\/wp\/v2\/types\/page"}],"author":[{"embeddable":true,"href":"https:\/\/www.retopz.com\/vi\/wp-json\/wp\/v2\/users\/1"}],"replies":[{"embeddable":true,"href":"https:\/\/www.retopz.com\/vi\/wp-json\/wp\/v2\/comments?post=2152"}],"version-history":[{"count":13,"href":"https:\/\/www.retopz.com\/vi\/wp-json\/wp\/v2\/pages\/2152\/revisions"}],"predecessor-version":[{"id":2166,"href":"https:\/\/www.retopz.com\/vi\/wp-json\/wp\/v2\/pages\/2152\/revisions\/2166"}],"wp:attachment":[{"href":"https:\/\/www.retopz.com\/vi\/wp-json\/wp\/v2\/media?parent=2152"}],"curies":[{"name":"wp","href":"https:\/\/api.w.org\/{rel}","templated":true}]}}