{"id":292,"date":"2024-12-06T05:05:29","date_gmt":"2024-12-06T05:05:29","guid":{"rendered":"https:\/\/www.retopz.com\/?page_id=292"},"modified":"2025-06-10T11:55:40","modified_gmt":"2025-06-10T11:55:40","slug":"products","status":"publish","type":"page","link":"https:\/\/www.retopz.com\/vi\/products\/","title":{"rendered":"Products"},"content":{"rendered":"<div data-elementor-type=\"wp-page\" data-elementor-id=\"292\" class=\"elementor elementor-292\" data-elementor-post-type=\"page\">\n\t\t\t\t\t\t<section class=\"elementor-section elementor-top-section elementor-element elementor-element-f27eae2 elementor-section-boxed elementor-section-height-default elementor-section-height-default\" data-id=\"f27eae2\" data-element_type=\"section\" data-e-type=\"section\">\n\t\t\t\t\t\t<div class=\"elementor-container elementor-column-gap-default\">\n\t\t\t\t\t<div class=\"elementor-column elementor-col-100 elementor-top-column elementor-element elementor-element-9e3c073\" data-id=\"9e3c073\" data-element_type=\"column\" data-e-type=\"column\">\n\t\t\t<div class=\"elementor-widget-wrap elementor-element-populated\">\n\t\t\t\t\t\t<div class=\"elementor-element elementor-element-36b200b elementor-widget elementor-widget-heading\" data-id=\"36b200b\" data-element_type=\"widget\" data-e-type=\"widget\" data-widget_type=\"heading.default\">\n\t\t\t\t<div class=\"elementor-widget-container\">\n\t\t\t\t\t<h2 class=\"elementor-heading-title elementor-size-default\">D\u1ee5ng c\u1ee5 \u0111\u00e1ng tin c\u1eady, b\u1ed9 ph\u1eadn ch\u1ecbu m\u00e0i m\u00f2n v\u00e0 linh ki\u1ec7n \u0111\u1eb7c bi\u1ec7t<\/h2>\t\t\t\t<\/div>\n\t\t\t\t<\/div>\n\t\t\t\t<div class=\"elementor-element elementor-element-b097ec3 elementor-widget elementor-widget-text-editor\" data-id=\"b097ec3\" data-element_type=\"widget\" data-e-type=\"widget\" data-widget_type=\"text-editor.default\">\n\t\t\t\t<div class=\"elementor-widget-container\">\n\t\t\t\t\t\t\t\t\t<p>H\u1ee3p t\u00e1c v\u1edbi ch\u00fang t\u00f4i \u0111\u1ec3 c\u00f3 c\u00e1c b\u1ed9 ph\u1eadn cacbua vonfram ch\u00ednh x\u00e1c: thi\u1ebft b\u1ecb ti\u00ean ti\u1ebfn, ch\u1ea5t l\u01b0\u1ee3ng \u0111\u1ea1t ch\u1ee9ng nh\u1eadn ISO, gi\u1ea3i ph\u00e1p t\u00f9y ch\u1ec9nh, giao h\u00e0ng to\u00e0n c\u1ea7u nhanh ch\u00f3ng v\u00e0 h\u1ed7 tr\u1ee3 k\u1ef9 thu\u1eadt 24\/7 \u0111\u1ec3 t\u0103ng n\u0103ng su\u1ea5t v\u00e0 th\u00e0nh c\u00f4ng c\u1ee7a b\u1ea1n.<\/p>\t\t\t\t\t\t\t\t<\/div>\n\t\t\t\t<\/div>\n\t\t\t\t<div class=\"elementor-element elementor-element-d751dca elementor-cta--layout-image-above elementor-widget__width-initial elementor-widget-mobile__width-inherit elementor-cta--skin-classic elementor-animated-content elementor-widget elementor-widget-call-to-action\" data-id=\"d751dca\" data-element_type=\"widget\" data-e-type=\"widget\" data-widget_type=\"call-to-action.default\">\n\t\t\t\t<div class=\"elementor-widget-container\">\n\t\t\t\t\t\t\t<div class=\"elementor-cta\">\n\t\t\t\t\t<div class=\"elementor-cta__bg-wrapper\">\n\t\t\t\t<div class=\"elementor-cta__bg elementor-bg\" style=\"background-image: url(https:\/\/www.retopz.com\/wp-content\/uploads\/2025\/06\/Carbide-Wear-Parts.jpg);\" role=\"img\" aria-label=\"C\u00e1c b\u1ed9 ph\u1eadn m\u00e0i m\u00f2n cacbua\"><\/div>\n\t\t\t\t<div class=\"elementor-cta__bg-overlay\"><\/div>\n\t\t\t<\/div>\n\t\t\t\t\t\t\t<div class=\"elementor-cta__content\">\n\t\t\t\t\n\t\t\t\t\t\t\t\t\t<h3 class=\"elementor-cta__title elementor-cta__content-item elementor-content-item\">\n\t\t\t\t\t\tC\u00e1c b\u1ed9 ph\u1eadn hao m\u00f2n v\u00e0 linh ki\u1ec7n \u0111\u1eb7c bi\u1ec7t\t\t\t\t\t<\/h3>\n\t\t\t\t\n\t\t\t\t\t\t\t\t\t<div class=\"elementor-cta__description elementor-cta__content-item elementor-content-item\">\n\t\t\t\t\t\tC\u00e1c chi ti\u1ebft ch\u1ecbu m\u00e0i m\u00f2n b\u1eb1ng cacbua vonfram c\u1ea3i thi\u1ec7n tu\u1ed5i th\u1ecd, \u0111\u1ed9 ch\u00ednh x\u00e1c v\u00e0 hi\u1ec7u qu\u1ea3 c\u1ee7a d\u1ee5ng c\u1ee5 trong c\u00e1c \u1ee9ng d\u1ee5ng gia c\u00f4ng CNC.\t\t\t\t\t<\/div>\n\t\t\t\t\n\t\t\t\t\t\t\t\t\t<div class=\"elementor-cta__button-wrapper elementor-cta__content-item elementor-content-item\">\n\t\t\t\t\t<a class=\"elementor-cta__button elementor-button elementor-size-\" href=\"https:\/\/www.retopz.com\/vi\/wear-parts-and-specialty-components\/\" target=\"_blank\">\n\t\t\t\t\t\tChi ti\u1ebft th\u00eam\t\t\t\t\t<\/a>\n\t\t\t\t\t<\/div>\n\t\t\t\t\t\t\t<\/div>\n\t\t\t\t\t\t<\/div>\n\t\t\t\t\t\t<\/div>\n\t\t\t\t<\/div>\n\t\t\t\t<div class=\"elementor-element elementor-element-fef0a53 elementor-cta--layout-image-above elementor-widget__width-initial elementor-widget-mobile__width-inherit elementor-cta--skin-classic elementor-animated-content elementor-widget elementor-widget-call-to-action\" data-id=\"fef0a53\" data-element_type=\"widget\" data-e-type=\"widget\" data-widget_type=\"call-to-action.default\">\n\t\t\t\t<div class=\"elementor-widget-container\">\n\t\t\t\t\t\t\t<div class=\"elementor-cta\">\n\t\t\t\t\t<div class=\"elementor-cta__bg-wrapper\">\n\t\t\t\t<div class=\"elementor-cta__bg elementor-bg\" style=\"background-image: url(https:\/\/www.retopz.com\/wp-content\/uploads\/2025\/06\/Oil-and-natural-gas-wear-parts.jpg);\" role=\"img\" aria-label=\"C\u00e1c b\u1ed9 ph\u1eadn hao m\u00f2n d\u1ea7u v\u00e0 kh\u00ed t\u1ef1 nhi\u00ean\"><\/div>\n\t\t\t\t<div class=\"elementor-cta__bg-overlay\"><\/div>\n\t\t\t<\/div>\n\t\t\t\t\t\t\t<div class=\"elementor-cta__content\">\n\t\t\t\t\n\t\t\t\t\t\t\t\t\t<h3 class=\"elementor-cta__title elementor-cta__content-item elementor-content-item\">\n\t\t\t\t\t\tC\u00e1c b\u1ed9 ph\u1eadn hao m\u00f2n d\u1ea7u v\u00e0 kh\u00ed t\u1ef1 nhi\u00ean\t\t\t\t\t<\/h3>\n\t\t\t\t\n\t\t\t\t\t\t\t\t\t<div class=\"elementor-cta__description elementor-cta__content-item elementor-content-item\">\n\t\t\t\t\t\tC\u00e1c b\u1ed9 ph\u1eadn m\u00e0i m\u00f2n cacbua vonfram t\u0103ng c\u01b0\u1eddng \u0111\u1ed9 b\u1ec1n v\u00e0 hi\u1ec7u su\u1ea5t trong qu\u00e1 tr\u00ecnh khoan, khai th\u00e1c v\u00e0 x\u1eed l\u00fd thi\u1ebft b\u1ecb\t\t\t\t\t<\/div>\n\t\t\t\t\n\t\t\t\t\t\t\t\t\t<div class=\"elementor-cta__button-wrapper elementor-cta__content-item elementor-content-item\">\n\t\t\t\t\t<a class=\"elementor-cta__button elementor-button elementor-size-\" href=\"https:\/\/www.retopz.com\/vi\/oil-natural-gas-wear-parts\/\" target=\"_blank\">\n\t\t\t\t\t\tChi ti\u1ebft th\u00eam\t\t\t\t\t<\/a>\n\t\t\t\t\t<\/div>\n\t\t\t\t\t\t\t<\/div>\n\t\t\t\t\t\t<\/div>\n\t\t\t\t\t\t<\/div>\n\t\t\t\t<\/div>\n\t\t\t\t<div class=\"elementor-element elementor-element-8372735 elementor-cta--layout-image-above elementor-widget__width-initial elementor-widget-mobile__width-inherit elementor-cta--skin-classic elementor-animated-content elementor-widget elementor-widget-call-to-action\" data-id=\"8372735\" data-element_type=\"widget\" data-e-type=\"widget\" data-widget_type=\"call-to-action.default\">\n\t\t\t\t<div class=\"elementor-widget-container\">\n\t\t\t\t\t\t\t<div class=\"elementor-cta\">\n\t\t\t\t\t<div class=\"elementor-cta__bg-wrapper\">\n\t\t\t\t<div class=\"elementor-cta__bg elementor-bg\" style=\"background-image: url(https:\/\/www.retopz.com\/wp-content\/uploads\/2025\/05\/Tungsten-Carbide-Cutting-Tools-3.png);\" role=\"img\" aria-label=\"D\u1ee5ng c\u1ee5 c\u1eaft cacbua vonfram\"><\/div>\n\t\t\t\t<div class=\"elementor-cta__bg-overlay\"><\/div>\n\t\t\t<\/div>\n\t\t\t\t\t\t\t<div class=\"elementor-cta__content\">\n\t\t\t\t\n\t\t\t\t\t\t\t\t\t<h3 class=\"elementor-cta__title elementor-cta__content-item elementor-content-item\">\n\t\t\t\t\t\tD\u1ee5ng c\u1ee5 c\u1eaft cacbua vonfram\t\t\t\t\t<\/h3>\n\t\t\t\t\n\t\t\t\t\t\t\t\t\t<div class=\"elementor-cta__description elementor-cta__content-item elementor-content-item\">\n\t\t\t\t\t\tD\u1ee5ng c\u1ee5 c\u1eaft cacbua vonfram mang l\u1ea1i \u0111\u1ed9 ch\u00ednh x\u00e1c, \u0111\u1ed9 b\u1ec1n v\u00e0 hi\u1ec7u qu\u1ea3 trong ng\u00e0nh c\u00f4ng nghi\u1ec7p \u00f4 t\u00f4 v\u00e0 ch\u1ebf bi\u1ebfn g\u1ed7.\t\t\t\t\t<\/div>\n\t\t\t\t\n\t\t\t\t\t\t\t\t\t<div class=\"elementor-cta__button-wrapper elementor-cta__content-item elementor-content-item\">\n\t\t\t\t\t<a class=\"elementor-cta__button elementor-button elementor-size-\" href=\"https:\/\/www.retopz.com\/vi\/tungsten-carbide-cutting-tools\/\" target=\"_blank\">\n\t\t\t\t\t\tChi ti\u1ebft th\u00eam\t\t\t\t\t<\/a>\n\t\t\t\t\t<\/div>\n\t\t\t\t\t\t\t<\/div>\n\t\t\t\t\t\t<\/div>\n\t\t\t\t\t\t<\/div>\n\t\t\t\t<\/div>\n\t\t\t\t\t<\/div>\n\t\t<\/div>\n\t\t\t\t\t<\/div>\n\t\t<\/section>\n\t\t\t\t<\/div>","protected":false},"excerpt":{"rendered":"<p>Dependable Tooling, Wear parts and Specialty Components Partner with us for precision tungsten carbide parts: advanced equipment, ISO-certified quality, custom solutions, rapid global delivery, and 24\/7 technical support to boost your productivity and success. Wear parts and specialty components Tungsten carbide wear parts improve tool life, precision, and efficiency in CNC machining applications. More Details [&hellip;]<\/p>\n","protected":false},"author":1,"featured_media":0,"parent":0,"menu_order":0,"comment_status":"closed","ping_status":"closed","template":"","meta":{"footnotes":""},"class_list":["post-292","page","type-page","status-publish","hentry"],"yoast_head":"<!-- This site is optimized with the Yoast SEO Premium plugin v25.8 (Yoast SEO v27.6) - https:\/\/yoast.com\/product\/yoast-seo-premium-wordpress\/ -->\n<title>Products - Retop Carbide<\/title>\n<meta name=\"robots\" content=\"index, follow, max-snippet:-1, max-image-preview:large, max-video-preview:-1\" \/>\n<link rel=\"canonical\" href=\"https:\/\/www.retopz.com\/vi\/products\/\" \/>\n<meta property=\"og:locale\" content=\"vi_VN\" \/>\n<meta property=\"og:type\" content=\"article\" \/>\n<meta property=\"og:title\" content=\"Products\" \/>\n<meta property=\"og:description\" content=\"Dependable Tooling, Wear parts and Specialty Components Partner with us for precision tungsten carbide parts: advanced equipment, ISO-certified quality, custom solutions, rapid global delivery, and 24\/7 technical support to boost your productivity and success. Wear parts and specialty components Tungsten carbide wear parts improve tool life, precision, and efficiency in CNC machining applications. More Details [&hellip;]\" \/>\n<meta property=\"og:url\" content=\"https:\/\/www.retopz.com\/vi\/products\/\" \/>\n<meta property=\"og:site_name\" content=\"Retop Carbide\" \/>\n<meta property=\"article:modified_time\" content=\"2025-06-10T11:55:40+00:00\" \/>\n<meta name=\"twitter:card\" content=\"summary_large_image\" \/>\n<meta name=\"twitter:label1\" content=\"\u01af\u1edbc t\u00ednh th\u1eddi gian \u0111\u1ecdc\" \/>\n\t<meta name=\"twitter:data1\" content=\"1 ph\u00fat\" \/>\n<script type=\"application\/ld+json\" class=\"yoast-schema-graph\">{\"@context\":\"https:\\\/\\\/schema.org\",\"@graph\":[{\"@type\":\"WebPage\",\"@id\":\"https:\\\/\\\/www.retopz.com\\\/products\\\/\",\"url\":\"https:\\\/\\\/www.retopz.com\\\/products\\\/\",\"name\":\"Products - Retop Carbide\",\"isPartOf\":{\"@id\":\"https:\\\/\\\/www.retopz.com\\\/#website\"},\"datePublished\":\"2024-12-06T05:05:29+00:00\",\"dateModified\":\"2025-06-10T11:55:40+00:00\",\"breadcrumb\":{\"@id\":\"https:\\\/\\\/www.retopz.com\\\/products\\\/#breadcrumb\"},\"inLanguage\":\"vi\",\"potentialAction\":[{\"@type\":\"ReadAction\",\"target\":[\"https:\\\/\\\/www.retopz.com\\\/products\\\/\"]}]},{\"@type\":\"BreadcrumbList\",\"@id\":\"https:\\\/\\\/www.retopz.com\\\/products\\\/#breadcrumb\",\"itemListElement\":[{\"@type\":\"ListItem\",\"position\":1,\"name\":\"Home\",\"item\":\"https:\\\/\\\/www.retopz.com\\\/\"},{\"@type\":\"ListItem\",\"position\":2,\"name\":\"Products\"}]},{\"@type\":\"WebSite\",\"@id\":\"https:\\\/\\\/www.retopz.com\\\/#website\",\"url\":\"https:\\\/\\\/www.retopz.com\\\/\",\"name\":\"Retop Carbide\",\"description\":\"Tungsten Carbide Manufacturer\",\"publisher\":{\"@id\":\"https:\\\/\\\/www.retopz.com\\\/#organization\"},\"potentialAction\":[{\"@type\":\"SearchAction\",\"target\":{\"@type\":\"EntryPoint\",\"urlTemplate\":\"https:\\\/\\\/www.retopz.com\\\/?s={search_term_string}\"},\"query-input\":{\"@type\":\"PropertyValueSpecification\",\"valueRequired\":true,\"valueName\":\"search_term_string\"}}],\"inLanguage\":\"vi\"},{\"@type\":\"Organization\",\"@id\":\"https:\\\/\\\/www.retopz.com\\\/#organization\",\"name\":\"Retop Carbide\",\"url\":\"https:\\\/\\\/www.retopz.com\\\/\",\"logo\":{\"@type\":\"ImageObject\",\"inLanguage\":\"vi\",\"@id\":\"https:\\\/\\\/www.retopz.com\\\/#\\\/schema\\\/logo\\\/image\\\/\",\"url\":\"https:\\\/\\\/www.retopz.com\\\/wp-content\\\/uploads\\\/2024\\\/11\\\/retop.png\",\"contentUrl\":\"https:\\\/\\\/www.retopz.com\\\/wp-content\\\/uploads\\\/2024\\\/11\\\/retop.png\",\"width\":549,\"height\":326,\"caption\":\"Retop Carbide\"},\"image\":{\"@id\":\"https:\\\/\\\/www.retopz.com\\\/#\\\/schema\\\/logo\\\/image\\\/\"}}]}<\/script>\n<!-- \/ Yoast SEO Premium plugin. -->","yoast_head_json":{"title":"Products - Retop Carbide","robots":{"index":"index","follow":"follow","max-snippet":"max-snippet:-1","max-image-preview":"max-image-preview:large","max-video-preview":"max-video-preview:-1"},"canonical":"https:\/\/www.retopz.com\/vi\/products\/","og_locale":"vi_VN","og_type":"article","og_title":"Products","og_description":"Dependable Tooling, Wear parts and Specialty Components Partner with us for precision tungsten carbide parts: advanced equipment, ISO-certified quality, custom solutions, rapid global delivery, and 24\/7 technical support to boost your productivity and success. Wear parts and specialty components Tungsten carbide wear parts improve tool life, precision, and efficiency in CNC machining applications. More Details [&hellip;]","og_url":"https:\/\/www.retopz.com\/vi\/products\/","og_site_name":"Retop Carbide","article_modified_time":"2025-06-10T11:55:40+00:00","twitter_card":"summary_large_image","twitter_misc":{"\u01af\u1edbc t\u00ednh th\u1eddi gian \u0111\u1ecdc":"1 ph\u00fat"},"schema":{"@context":"https:\/\/schema.org","@graph":[{"@type":"WebPage","@id":"https:\/\/www.retopz.com\/products\/","url":"https:\/\/www.retopz.com\/products\/","name":"Products - Retop Carbide","isPartOf":{"@id":"https:\/\/www.retopz.com\/#website"},"datePublished":"2024-12-06T05:05:29+00:00","dateModified":"2025-06-10T11:55:40+00:00","breadcrumb":{"@id":"https:\/\/www.retopz.com\/products\/#breadcrumb"},"inLanguage":"vi","potentialAction":[{"@type":"ReadAction","target":["https:\/\/www.retopz.com\/products\/"]}]},{"@type":"BreadcrumbList","@id":"https:\/\/www.retopz.com\/products\/#breadcrumb","itemListElement":[{"@type":"ListItem","position":1,"name":"Home","item":"https:\/\/www.retopz.com\/"},{"@type":"ListItem","position":2,"name":"Products"}]},{"@type":"WebSite","@id":"https:\/\/www.retopz.com\/#website","url":"https:\/\/www.retopz.com\/","name":"Retop Carbide","description":"Nh\u00e0 s\u1ea3n xu\u1ea5t cacbua vonfram","publisher":{"@id":"https:\/\/www.retopz.com\/#organization"},"potentialAction":[{"@type":"SearchAction","target":{"@type":"EntryPoint","urlTemplate":"https:\/\/www.retopz.com\/?s={search_term_string}"},"query-input":{"@type":"PropertyValueSpecification","valueRequired":true,"valueName":"search_term_string"}}],"inLanguage":"vi"},{"@type":"Organization","@id":"https:\/\/www.retopz.com\/#organization","name":"Retop Carbide","url":"https:\/\/www.retopz.com\/","logo":{"@type":"ImageObject","inLanguage":"vi","@id":"https:\/\/www.retopz.com\/#\/schema\/logo\/image\/","url":"https:\/\/www.retopz.com\/wp-content\/uploads\/2024\/11\/retop.png","contentUrl":"https:\/\/www.retopz.com\/wp-content\/uploads\/2024\/11\/retop.png","width":549,"height":326,"caption":"Retop Carbide"},"image":{"@id":"https:\/\/www.retopz.com\/#\/schema\/logo\/image\/"}}]}},"_links":{"self":[{"href":"https:\/\/www.retopz.com\/vi\/wp-json\/wp\/v2\/pages\/292","targetHints":{"allow":["GET"]}}],"collection":[{"href":"https:\/\/www.retopz.com\/vi\/wp-json\/wp\/v2\/pages"}],"about":[{"href":"https:\/\/www.retopz.com\/vi\/wp-json\/wp\/v2\/types\/page"}],"author":[{"embeddable":true,"href":"https:\/\/www.retopz.com\/vi\/wp-json\/wp\/v2\/users\/1"}],"replies":[{"embeddable":true,"href":"https:\/\/www.retopz.com\/vi\/wp-json\/wp\/v2\/comments?post=292"}],"version-history":[{"count":18,"href":"https:\/\/www.retopz.com\/vi\/wp-json\/wp\/v2\/pages\/292\/revisions"}],"predecessor-version":[{"id":5573,"href":"https:\/\/www.retopz.com\/vi\/wp-json\/wp\/v2\/pages\/292\/revisions\/5573"}],"wp:attachment":[{"href":"https:\/\/www.retopz.com\/vi\/wp-json\/wp\/v2\/media?parent=292"}],"curies":[{"name":"wp","href":"https:\/\/api.w.org\/{rel}","templated":true}]}}